{"id":151,"date":"2023-06-23T10:19:10","date_gmt":"2023-06-23T10:19:10","guid":{"rendered":"http:\/\/www.lukevatulevaisuus.fi\/?page_id=151"},"modified":"2023-06-28T08:18:37","modified_gmt":"2023-06-28T08:18:37","slug":"yhteystiedot","status":"publish","type":"page","link":"https:\/\/www.lukevatulevaisuus.fi\/index.php\/yhteystiedot\/","title":{"rendered":"Yhteystiedot"},"content":{"rendered":"\n<figure class=\"wp-block-gallery has-nested-images columns-default is-cropped wp-block-gallery-1 is-layout-flex wp-block-gallery-is-layout-flex\">\n<figure class=\"wp-block-image size-large\"><img loading=\"lazy\" decoding=\"async\" width=\"1024\" height=\"1024\" data-id=\"425\" src=\"http:\/\/www.lukevatulevaisuus.fi\/wp-content\/uploads\/2023\/06\/pikist65-1024x1024.jpg\" alt=\"\" class=\"wp-image-425\" srcset=\"https:\/\/www.lukevatulevaisuus.fi\/wp-content\/uploads\/2023\/06\/pikist65-1024x1024.jpg 1024w, https:\/\/www.lukevatulevaisuus.fi\/wp-content\/uploads\/2023\/06\/pikist65-300x300.jpg 300w, https:\/\/www.lukevatulevaisuus.fi\/wp-content\/uploads\/2023\/06\/pikist65-150x150.jpg 150w, https:\/\/www.lukevatulevaisuus.fi\/wp-content\/uploads\/2023\/06\/pikist65-768x768.jpg 768w, https:\/\/www.lukevatulevaisuus.fi\/wp-content\/uploads\/2023\/06\/pikist65.jpg 1280w\" sizes=\"auto, (max-width: 1024px) 100vw, 1024px\" \/><\/figure>\n\n\n\n<figure class=\"wp-block-image size-large\"><img loading=\"lazy\" decoding=\"async\" width=\"1024\" height=\"683\" data-id=\"429\" src=\"http:\/\/www.lukevatulevaisuus.fi\/wp-content\/uploads\/2023\/06\/pikist63-1-1024x683.jpg\" alt=\"\" class=\"wp-image-429\" srcset=\"https:\/\/www.lukevatulevaisuus.fi\/wp-content\/uploads\/2023\/06\/pikist63-1-1024x683.jpg 1024w, https:\/\/www.lukevatulevaisuus.fi\/wp-content\/uploads\/2023\/06\/pikist63-1-300x200.jpg 300w, https:\/\/www.lukevatulevaisuus.fi\/wp-content\/uploads\/2023\/06\/pikist63-1-768x512.jpg 768w\" sizes=\"auto, (max-width: 1024px) 100vw, 1024px\" \/><\/figure>\n<\/figure>\n\n\n\n<p><strong>Tehd\u00e4\u00e4n lukutaitoty\u00f6t\u00e4 yhdess\u00e4!<\/strong><\/p>\n\n\n\n<p><\/p>\n\n\n\n<p><\/p>\n\n\n\n<div class=\"wp-block-media-text alignwide has-media-on-the-right is-stacked-on-mobile is-vertically-aligned-center\" style=\"grid-template-columns:auto 27%\"><div class=\"wp-block-media-text__content\">\n<div class=\"wp-block-group is-vertical is-layout-flex wp-container-core-group-is-layout-8cf370e7 wp-block-group-is-layout-flex\">\n<p><em>Henriikka Str\u00f6m<\/em><\/p>\n\n\n\n<p>lukutaitokoordinaattori<\/p>\n\n\n\n<p>henriikka.strom@joroinen.fi <\/p>\n\n\n\n<p>044 493 9142<\/p>\n<\/div>\n\n\n\n<p><a href=\"https:\/\/www.joroinen.fi\/yhteystiedot\/sivistyspalvelut-2\/koulut\/\" data-type=\"URL\" data-id=\"https:\/\/www.joroinen.fi\/yhteystiedot\/sivistyspalvelut-2\/koulut\/\">w<\/a><a rel=\"noreferrer noopener\" href=\"https:\/\/www.joroinen.fi\/yhteystiedot\/sivistyspalvelut-2\/koulut\/\" data-type=\"URL\" data-id=\"https:\/\/www.joroinen.fi\/yhteystiedot\/sivistyspalvelut-2\/koulut\/\" target=\"_blank\">ww.joroinen<\/a><a href=\"https:\/\/www.joroinen.fi\/yhteystiedot\/sivistyspalvelut-2\/koulut\/\" data-type=\"URL\" data-id=\"https:\/\/www.joroinen.fi\/yhteystiedot\/sivistyspalvelut-2\/koulut\/\">.fi <\/a><\/p>\n<\/div><figure class=\"wp-block-media-text__media\"><img loading=\"lazy\" decoding=\"async\" width=\"1024\" height=\"857\" src=\"http:\/\/www.lukevatulevaisuus.fi\/wp-content\/uploads\/2023\/06\/20220730_11474113-1024x857.jpg\" alt=\"\" class=\"wp-image-355 size-full\" srcset=\"https:\/\/www.lukevatulevaisuus.fi\/wp-content\/uploads\/2023\/06\/20220730_11474113-1024x857.jpg 1024w, https:\/\/www.lukevatulevaisuus.fi\/wp-content\/uploads\/2023\/06\/20220730_11474113-300x251.jpg 300w, https:\/\/www.lukevatulevaisuus.fi\/wp-content\/uploads\/2023\/06\/20220730_11474113-768x643.jpg 768w, https:\/\/www.lukevatulevaisuus.fi\/wp-content\/uploads\/2023\/06\/20220730_11474113-1536x1286.jpg 1536w, https:\/\/www.lukevatulevaisuus.fi\/wp-content\/uploads\/2023\/06\/20220730_11474113.jpg 1561w\" sizes=\"auto, (max-width: 1024px) 100vw, 1024px\" \/><\/figure><\/div>\n","protected":false},"excerpt":{"rendered":"<p>Tehd\u00e4\u00e4n lukutaitoty\u00f6t\u00e4 yhdess\u00e4!<\/p>\n","protected":false},"author":1,"featured_media":0,"parent":0,"menu_order":0,"comment_status":"closed","ping_status":"closed","template":"","meta":{"footnotes":""},"class_list":["post-151","page","type-page","status-publish","hentry"],"aioseo_notices":[],"_links":{"self":[{"href":"https:\/\/www.lukevatulevaisuus.fi\/index.php\/wp-json\/wp\/v2\/pages\/151","targetHints":{"allow":["GET"]}}],"collection":[{"href":"https:\/\/www.lukevatulevaisuus.fi\/index.php\/wp-json\/wp\/v2\/pages"}],"about":[{"href":"https:\/\/www.lukevatulevaisuus.fi\/index.php\/wp-json\/wp\/v2\/types\/page"}],"author":[{"embeddable":true,"href":"https:\/\/www.lukevatulevaisuus.fi\/index.php\/wp-json\/wp\/v2\/users\/1"}],"replies":[{"embeddable":true,"href":"https:\/\/www.lukevatulevaisuus.fi\/index.php\/wp-json\/wp\/v2\/comments?post=151"}],"version-history":[{"count":40,"href":"https:\/\/www.lukevatulevaisuus.fi\/index.php\/wp-json\/wp\/v2\/pages\/151\/revisions"}],"predecessor-version":[{"id":456,"href":"https:\/\/www.lukevatulevaisuus.fi\/index.php\/wp-json\/wp\/v2\/pages\/151\/revisions\/456"}],"wp:attachment":[{"href":"https:\/\/www.lukevatulevaisuus.fi\/index.php\/wp-json\/wp\/v2\/media?parent=151"}],"curies":[{"name":"wp","href":"https:\/\/api.w.org\/{rel}","templated":true}]}}