{"id":19,"date":"2023-06-15T19:44:42","date_gmt":"2023-06-15T19:44:42","guid":{"rendered":"http:\/\/www.lukevatulevaisuus.fi\/?page_id=19"},"modified":"2026-02-23T14:08:06","modified_gmt":"2026-02-23T14:08:06","slug":"lukeva-tulevaisuus-lukutaitohanke","status":"publish","type":"page","link":"https:\/\/www.lukevatulevaisuus.fi\/","title":{"rendered":"Lukeva tulevaisuus -lukutaitoty\u00f6"},"content":{"rendered":"\n<figure class=\"wp-block-video\"><video controls src=\"http:\/\/www.lukevatulevaisuus.fi\/wp-content\/uploads\/2024\/09\/YouCut_20240919_131333565.mp4\"><\/video><\/figure>\n\n\n\n<p><\/p>\n\n\n\n<p><strong>Joroisista Suomen lukevin kunta!<\/strong><\/p>\n\n\n\n<p>Meill\u00e4 Joroisissa on kunnianhimoinen tavoite: olla Suomen lukevin kunta! Lukeva tulevaisuus -lukutaitohankkeen tavoitteena on pysyv\u00e4sti jalkautettavan ja valtakunnallisesti jaettavan toimintamallin kehitt\u00e4minen ja toteuttaminen Joroisten kunnassa: Lukutaitopolku, joka edist\u00e4\u00e4 <a data-type=\"URL\" data-id=\"https:\/\/www.oph.fi\/fi\/tilastot-ja-julkaisut\/julkaisut\/kansallinen-lukutaitostrategia-2030\" href=\"https:\/\/www.oph.fi\/fi\/tilastot-ja-julkaisut\/julkaisut\/kansallinen-lukutaitostrategia-2030\" target=\"_blank\" rel=\"noreferrer noopener\"><strong>Kansallisen lukutaitostrategian 2030<\/strong> <\/a>tavoitteita.<\/p>\n\n\n\n<p>Lukutaitopolun tavoitteena on luoda jokaiselle lapselle h\u00e4nen lukutaitojaan tukeva ja kehitt\u00e4v\u00e4 polku, joka varhaiskasvatuksesta l\u00e4htien tukee h\u00e4nen monilukutaitojaan ja lukuinnostustaan aina peruskoulun p\u00e4\u00e4ttymiseen ja lukioon asti, ja valmistaa h\u00e4nelle lukevaa tulevaisuutta. <\/p>\n\n\n\n<p>Toimintamalli toteutetaan yhteisty\u00f6ss\u00e4 sivistystoimen, varhaiskasvatuksen, peruskoulun, lukion, opettajien ja ohjaajien, huoltajien, kirjaston, nuorisotoimen, yritt\u00e4jien sek\u00e4 muiden kunnallisten toimijoiden kanssa. Lukutaitoty\u00f6n hanke tukee ajatusta lukevasta kunnasta, jossa lukutaitoty\u00f6 on kaikkien asialistalla. Hankkeen aikana vahvistetaan tietoisuutta lukutaitoty\u00f6n merkityksest\u00e4 kuntalaisten tulevaisuutta ja kunnan hyvinvointia ajatellen.<\/p>\n\n\n\n<p>Lukeva tulevaisuus -hanke toteutetaan opetushallituksen rahoituksen turvin yhdess\u00e4 <a data-type=\"URL\" data-id=\"https:\/\/www.joroinen.fi\/\" href=\"https:\/\/www.joroinen.fi\/\" target=\"_blank\" rel=\"noreferrer noopener\">Joroisten kunnan<\/a> kanssa.<\/p>\n\n\n\n<hr class=\"wp-block-separator has-alpha-channel-opacity\"\/>\n\n\n\n<p><strong>ZoneVD &#8211; Joona Lepp\u00e4l\u00e4 on Lukeva tulevaisuus -hankkeen kummi. T\u00e4ss\u00e4 terveiset h\u00e4nelt\u00e4!<\/strong><\/p>\n\n\n\n<figure class=\"wp-block-video\"><video controls src=\"http:\/\/www.lukevatulevaisuus.fi\/wp-content\/uploads\/2024\/10\/ZoneVD-terveiset.mp4\"><\/video><\/figure>\n\n\n\n<p><\/p>\n\n\n\n<hr class=\"wp-block-separator has-alpha-channel-opacity\"\/>\n\n\n\n<div class=\"wp-block-media-text is-stacked-on-mobile is-vertically-aligned-top\" style=\"grid-template-columns:22% auto\"><figure class=\"wp-block-media-text__media\"><img loading=\"lazy\" decoding=\"async\" width=\"842\" height=\"1024\" src=\"http:\/\/www.lukevatulevaisuus.fi\/wp-content\/uploads\/2025\/08\/Nayttokuva-2025-08-01-kello-12.31.33-842x1024.png\" alt=\"\" class=\"wp-image-1636 size-full\" srcset=\"https:\/\/www.lukevatulevaisuus.fi\/wp-content\/uploads\/2025\/08\/Nayttokuva-2025-08-01-kello-12.31.33-842x1024.png 842w, https:\/\/www.lukevatulevaisuus.fi\/wp-content\/uploads\/2025\/08\/Nayttokuva-2025-08-01-kello-12.31.33-247x300.png 247w, https:\/\/www.lukevatulevaisuus.fi\/wp-content\/uploads\/2025\/08\/Nayttokuva-2025-08-01-kello-12.31.33-768x934.png 768w, https:\/\/www.lukevatulevaisuus.fi\/wp-content\/uploads\/2025\/08\/Nayttokuva-2025-08-01-kello-12.31.33.png 886w\" sizes=\"auto, (max-width: 842px) 100vw, 842px\" \/><\/figure><div class=\"wp-block-media-text__content\">\n<p><strong>Kotiseudun tarinoita Joroisista ja l\u00e4hiseuduilta!<\/strong><\/p>\n\n\n\n<p><em>Kulttuuritarinat soimaan<\/em> oli alueellinen kehityshanke, jonka aikana ker\u00e4ttiin historiatietoa ja tarinoita Joroisten Musiikkip\u00e4ivien toiminta-alueen kartanoista, muista merkitt\u00e4vist\u00e4 kohteista, henkil\u00f6ist\u00e4 ja paikallishistoriasta yleisesti.<\/p>\n\n\n\n<p><em>Historiaa hy\u00f6dyksi<\/em>&#8211; hankkeessa on toteutettu talkooty\u00f6n\u00e4 Joroisten yl\u00e4koululaisille ja yl\u00e4koululaisille\/lukiolaisille tarkoitettu kooste ker\u00e4tyist\u00e4 tarinoista. Kooste on toteutettu yhteisty\u00f6ss\u00e4 lukutaitokoordinaattorin kanssa. Tarinat ovat omiaan luomaan vahvaa paikallisylpeytt\u00e4 ja edist\u00e4m\u00e4\u00e4n lukutaitoty\u00f6t\u00e4.<\/p>\n\n\n\n<p><em>Kaikki hankkeen tarinat on julkaistu Creative Commons BY-ND-lisenssin ehdoin, jonka mukaan tarinoita voi k\u00e4ytt\u00e4\u00e4 vapaasti my\u00f6s kaupallisesti. Teoksen sis\u00e4lt\u00f6\u00e4 ei saa kuitenkaan muokata ja tekij\u00e4n nimi tulee mainita julkaisun yhteydess\u00e4.<\/em><\/p>\n\n\n\n<p>Lukuintoa!<\/p>\n\n\n\n<p>Joroisten Musiikkiyhdistys ry<\/p>\n\n\n\n<p>Joroisten yhten\u00e4iskoulun lukukoordinaattori<\/p>\n\n\n\n<div data-wp-interactive=\"core\/file\" class=\"wp-block-file\"><object data-wp-bind--hidden=\"!state.hasPdfPreview\" hidden class=\"wp-block-file__embed\" data=\"http:\/\/www.lukevatulevaisuus.fi\/wp-content\/uploads\/2025\/08\/1-Kotiseudun-tarinoita-Joroisista_Alakoulu-digikooste-1.pdf\" type=\"application\/pdf\" style=\"width:100%;height:600px\" aria-label=\"Tiedoston 1 Kotiseudun tarinoita Joroisista_Alakoulu digikooste upotus.\"><\/object><a id=\"wp-block-file--media-84fb12bc-2d2c-4f5e-8b7f-b3878fce2440\" href=\"http:\/\/www.lukevatulevaisuus.fi\/wp-content\/uploads\/2025\/08\/1-Kotiseudun-tarinoita-Joroisista_Alakoulu-digikooste-1.pdf\">1 Kotiseudun tarinoita Joroisista_Alakoulu digikooste<\/a><a href=\"http:\/\/www.lukevatulevaisuus.fi\/wp-content\/uploads\/2025\/08\/1-Kotiseudun-tarinoita-Joroisista_Alakoulu-digikooste-1.pdf\" class=\"wp-block-file__button wp-element-button\" download aria-describedby=\"wp-block-file--media-84fb12bc-2d2c-4f5e-8b7f-b3878fce2440\">Lataa<\/a><\/div>\n<\/div><\/div>\n\n\n\n<div data-wp-interactive=\"core\/file\" class=\"wp-block-file\"><object data-wp-bind--hidden=\"!state.hasPdfPreview\" hidden class=\"wp-block-file__embed\" data=\"http:\/\/www.lukevatulevaisuus.fi\/wp-content\/uploads\/2025\/08\/2-Kotiseudun-tarinoita-Joroisista_YlaI\u0088koulun-digikooste-1.pdf\" type=\"application\/pdf\" style=\"width:100%;height:600px\" aria-label=\"Tiedoston 2 Kotiseudun tarinoita Joroisista_Yla\u00cc\u0088koulun digikooste upotus.\"><\/object><a id=\"wp-block-file--media-fcf3f452-0c96-42b4-bccd-1c36aa4bc866\" href=\"http:\/\/www.lukevatulevaisuus.fi\/wp-content\/uploads\/2025\/08\/2-Kotiseudun-tarinoita-Joroisista_YlaI\u0088koulun-digikooste-1.pdf\">2 Kotiseudun tarinoita Joroisista_Yla\u00cc\u0088koulun digikooste<\/a><a href=\"http:\/\/www.lukevatulevaisuus.fi\/wp-content\/uploads\/2025\/08\/2-Kotiseudun-tarinoita-Joroisista_YlaI\u0088koulun-digikooste-1.pdf\" class=\"wp-block-file__button wp-element-button\" download aria-describedby=\"wp-block-file--media-fcf3f452-0c96-42b4-bccd-1c36aa4bc866\">Lataa<\/a><\/div>\n\n\n\n<hr class=\"wp-block-separator has-alpha-channel-opacity\"\/>\n\n\n\n<p><\/p>\n\n\n\n<div class=\"wp-block-media-text is-stacked-on-mobile is-vertically-aligned-top\" style=\"grid-template-columns:15% auto\"><figure class=\"wp-block-media-text__media\"><img loading=\"lazy\" decoding=\"async\" width=\"819\" height=\"1024\" src=\"http:\/\/www.lukevatulevaisuus.fi\/wp-content\/uploads\/2025\/04\/Savolaenen-lukuhuaste-1-819x1024.png\" alt=\"\" class=\"wp-image-1617 size-full\" srcset=\"https:\/\/www.lukevatulevaisuus.fi\/wp-content\/uploads\/2025\/04\/Savolaenen-lukuhuaste-1-819x1024.png 819w, https:\/\/www.lukevatulevaisuus.fi\/wp-content\/uploads\/2025\/04\/Savolaenen-lukuhuaste-1-240x300.png 240w, https:\/\/www.lukevatulevaisuus.fi\/wp-content\/uploads\/2025\/04\/Savolaenen-lukuhuaste-1-768x960.png 768w, https:\/\/www.lukevatulevaisuus.fi\/wp-content\/uploads\/2025\/04\/Savolaenen-lukuhuaste-1.png 1215w\" sizes=\"auto, (max-width: 819px) 100vw, 819px\" \/><\/figure><div class=\"wp-block-media-text__content\">\n<p><strong>Osallistu savolaeseen lukuhuasteeseen! <\/strong><\/p>\n<\/div><\/div>\n\n\n\n<div data-wp-interactive=\"core\/file\" class=\"wp-block-file\"><object data-wp-bind--hidden=\"!state.hasPdfPreview\" hidden class=\"wp-block-file__embed\" data=\"http:\/\/www.lukevatulevaisuus.fi\/wp-content\/uploads\/2025\/04\/Savolaenen-lukuhuaste-1.pdf\" type=\"application\/pdf\" style=\"width:100%;height:600px\" aria-label=\"Tiedoston Savolaenen lukuhuaste upotus.\"><\/object><a id=\"wp-block-file--media-98100935-34db-4d0b-a300-0c3ce8e2660d\" href=\"http:\/\/www.lukevatulevaisuus.fi\/wp-content\/uploads\/2025\/04\/Savolaenen-lukuhuaste-1.pdf\">Savolaenen lukuhuaste<\/a><a href=\"http:\/\/www.lukevatulevaisuus.fi\/wp-content\/uploads\/2025\/04\/Savolaenen-lukuhuaste-1.pdf\" class=\"wp-block-file__button wp-element-button\" download aria-describedby=\"wp-block-file--media-98100935-34db-4d0b-a300-0c3ce8e2660d\">Lataa<\/a><\/div>\n\n\n\n<p><\/p>\n\n\n\n<hr class=\"wp-block-separator has-alpha-channel-opacity\"\/>\n\n\n\n<p><\/p>\n\n\n\n<div class=\"wp-block-media-text is-stacked-on-mobile is-vertically-aligned-top\" style=\"grid-template-columns:17% auto\"><figure class=\"wp-block-media-text__media\"><img loading=\"lazy\" decoding=\"async\" width=\"714\" height=\"994\" src=\"http:\/\/www.lukevatulevaisuus.fi\/wp-content\/uploads\/2025\/04\/Nayttokuva-2025-04-01-kello-10.04.03.png\" alt=\"\" class=\"wp-image-1620 size-full\" srcset=\"https:\/\/www.lukevatulevaisuus.fi\/wp-content\/uploads\/2025\/04\/Nayttokuva-2025-04-01-kello-10.04.03.png 714w, https:\/\/www.lukevatulevaisuus.fi\/wp-content\/uploads\/2025\/04\/Nayttokuva-2025-04-01-kello-10.04.03-215x300.png 215w\" sizes=\"auto, (max-width: 714px) 100vw, 714px\" \/><\/figure><div class=\"wp-block-media-text__content\">\n<p><strong>Lukevaa tulevaisuutta rakentamassa -k\u00e4sikirja osa 1.<\/strong><\/p>\n<\/div><\/div>\n\n\n\n<div data-wp-interactive=\"core\/file\" class=\"wp-block-file\"><object data-wp-bind--hidden=\"!state.hasPdfPreview\" hidden class=\"wp-block-file__embed\" data=\"http:\/\/www.lukevatulevaisuus.fi\/wp-content\/uploads\/2025\/03\/Lukeva-tulevaisuus-OSA-1-hankekasikirja_Henriikka-Strom.pdf\" type=\"application\/pdf\" style=\"width:100%;height:600px\" aria-label=\"Tiedoston Lukeva tulevaisuus OSA 1 hankek\u00e4sikirja_Henriikka Str\u00f6m upotus.\"><\/object><a id=\"wp-block-file--media-2353c8c1-b53c-4e0d-a257-4a6933829e05\" href=\"http:\/\/www.lukevatulevaisuus.fi\/wp-content\/uploads\/2025\/03\/Lukeva-tulevaisuus-OSA-1-hankekasikirja_Henriikka-Strom.pdf\">Lukeva tulevaisuus OSA 1 hankek\u00e4sikirja_Henriikka Str\u00f6m<\/a><a href=\"http:\/\/www.lukevatulevaisuus.fi\/wp-content\/uploads\/2025\/03\/Lukeva-tulevaisuus-OSA-1-hankekasikirja_Henriikka-Strom.pdf\" class=\"wp-block-file__button wp-element-button\" download aria-describedby=\"wp-block-file--media-2353c8c1-b53c-4e0d-a257-4a6933829e05\">Lataa<\/a><\/div>\n\n\n\n<div class=\"wp-block-media-text is-stacked-on-mobile is-vertically-aligned-top\" style=\"grid-template-columns:18% auto\"><figure class=\"wp-block-media-text__media\"><img loading=\"lazy\" decoding=\"async\" width=\"744\" height=\"1024\" src=\"http:\/\/www.lukevatulevaisuus.fi\/wp-content\/uploads\/2026\/02\/Nayttokuva-2026-02-23-kello-15.50.33-744x1024.png\" alt=\"\" class=\"wp-image-1668 size-full\" srcset=\"https:\/\/www.lukevatulevaisuus.fi\/wp-content\/uploads\/2026\/02\/Nayttokuva-2026-02-23-kello-15.50.33-744x1024.png 744w, https:\/\/www.lukevatulevaisuus.fi\/wp-content\/uploads\/2026\/02\/Nayttokuva-2026-02-23-kello-15.50.33-218x300.png 218w, https:\/\/www.lukevatulevaisuus.fi\/wp-content\/uploads\/2026\/02\/Nayttokuva-2026-02-23-kello-15.50.33-768x1057.png 768w, https:\/\/www.lukevatulevaisuus.fi\/wp-content\/uploads\/2026\/02\/Nayttokuva-2026-02-23-kello-15.50.33.png 792w\" sizes=\"auto, (max-width: 744px) 100vw, 744px\" \/><\/figure><div class=\"wp-block-media-text__content\">\n<p><strong>Lukevaa tulevaisuutta rakentamassa -k\u00e4sikirja Osa 2.<\/strong><\/p>\n<\/div><\/div>\n\n\n\n<hr class=\"wp-block-separator has-alpha-channel-opacity\"\/>\n\n\n\n<div data-wp-interactive=\"core\/file\" class=\"wp-block-file\"><object data-wp-bind--hidden=\"!state.hasPdfPreview\" hidden class=\"wp-block-file__embed\" data=\"http:\/\/www.lukevatulevaisuus.fi\/wp-content\/uploads\/2026\/02\/2Lukeva-tulevaisuus-OSA-2-hankekasikirja_Henriikka-Strom.pdf\" type=\"application\/pdf\" style=\"width:100%;height:600px\" aria-label=\"Tiedoston 2Lukeva tulevaisuus OSA 2 hankek\u00e4sikirja_Henriikka Str\u00f6m upotus.\"><\/object><a id=\"wp-block-file--media-52fe936e-30d8-48c0-8202-79bbda4d8739\" href=\"http:\/\/www.lukevatulevaisuus.fi\/wp-content\/uploads\/2026\/02\/2Lukeva-tulevaisuus-OSA-2-hankekasikirja_Henriikka-Strom.pdf\">2Lukeva tulevaisuus OSA 2 hankek\u00e4sikirja_Henriikka Str\u00f6m<\/a><a href=\"http:\/\/www.lukevatulevaisuus.fi\/wp-content\/uploads\/2026\/02\/2Lukeva-tulevaisuus-OSA-2-hankekasikirja_Henriikka-Strom.pdf\" class=\"wp-block-file__button wp-element-button\" download aria-describedby=\"wp-block-file--media-52fe936e-30d8-48c0-8202-79bbda4d8739\">Lataa<\/a><\/div>\n\n\n\n<p><\/p>\n\n\n\n<hr class=\"wp-block-separator has-alpha-channel-opacity\"\/>\n\n\n\n<div class=\"wp-block-media-text is-stacked-on-mobile is-vertically-aligned-top\" style=\"grid-template-columns:22% auto\"><figure class=\"wp-block-media-text__media\"><img loading=\"lazy\" decoding=\"async\" width=\"1024\" height=\"591\" src=\"http:\/\/www.lukevatulevaisuus.fi\/wp-content\/uploads\/2025\/04\/Nayttokuva-2025-04-15-kello-9.24.38-1024x591.png\" alt=\"\" class=\"wp-image-1622 size-full\" srcset=\"https:\/\/www.lukevatulevaisuus.fi\/wp-content\/uploads\/2025\/04\/Nayttokuva-2025-04-15-kello-9.24.38-1024x591.png 1024w, https:\/\/www.lukevatulevaisuus.fi\/wp-content\/uploads\/2025\/04\/Nayttokuva-2025-04-15-kello-9.24.38-300x173.png 300w, https:\/\/www.lukevatulevaisuus.fi\/wp-content\/uploads\/2025\/04\/Nayttokuva-2025-04-15-kello-9.24.38-768x443.png 768w, https:\/\/www.lukevatulevaisuus.fi\/wp-content\/uploads\/2025\/04\/Nayttokuva-2025-04-15-kello-9.24.38.png 1292w\" sizes=\"auto, (max-width: 1024px) 100vw, 1024px\" \/><\/figure><div class=\"wp-block-media-text__content\">\n<p><strong>Lukutaitoty\u00f6n rakenteet &#8211; <\/strong><\/p>\n\n\n\n<p><strong>Lukeva tulevaisuus -hanke<\/strong><\/p>\n<\/div><\/div>\n\n\n\n<div data-wp-interactive=\"core\/file\" class=\"wp-block-file\"><object data-wp-bind--hidden=\"!state.hasPdfPreview\" hidden class=\"wp-block-file__embed\" data=\"http:\/\/www.lukevatulevaisuus.fi\/wp-content\/uploads\/2024\/11\/LUKEVA-TULEVAISUUS-lukutaitotyon-rakenteet_Joroinen-1.pdf\" type=\"application\/pdf\" style=\"width:100%;height:600px\" aria-label=\"Tiedoston LUKEVA  TULEVAISUUS lukutaitoty\u00f6n rakenteet_Joroinen upotus.\"><\/object><a id=\"wp-block-file--media-8b698f7e-c0ba-4253-b7f4-ed2c6d988735\" href=\"http:\/\/www.lukevatulevaisuus.fi\/wp-content\/uploads\/2024\/11\/LUKEVA-TULEVAISUUS-lukutaitotyon-rakenteet_Joroinen-1.pdf\">LUKEVA  TULEVAISUUS lukutaitoty\u00f6n rakenteet_Joroinen<\/a><a href=\"http:\/\/www.lukevatulevaisuus.fi\/wp-content\/uploads\/2024\/11\/LUKEVA-TULEVAISUUS-lukutaitotyon-rakenteet_Joroinen-1.pdf\" class=\"wp-block-file__button wp-element-button\" download aria-describedby=\"wp-block-file--media-8b698f7e-c0ba-4253-b7f4-ed2c6d988735\">Lataa<\/a><\/div>\n\n\n\n<p><\/p>\n\n\n\n<p><\/p>\n\n\n\n<figure class=\"wp-block-gallery has-nested-images columns-default is-cropped wp-block-gallery-1 is-layout-flex wp-block-gallery-is-layout-flex\"><\/figure>\n\n\n\n<p><\/p>\n\n\n\n<p><\/p>\n\n\n\n<p><\/p>\n\n\n\n<p><\/p>\n\n\n\n<p><\/p>\n\n\n\n<p><\/p>\n\n\n\n<p><\/p>\n","protected":false},"excerpt":{"rendered":"<p>Joroisista Suomen lukevin kunta! Meill\u00e4 Joroisissa on kunnianhimoinen tavoite: olla Suomen lukevin kunta! Lukeva tulevaisuus -lukutaitohankkeen tavoitteena on pysyv\u00e4sti jalkautettavan ja valtakunnallisesti jaettavan toimintamallin kehitt\u00e4minen ja toteuttaminen Joroisten kunnassa: Lukutaitopolku, joka edist\u00e4\u00e4 Kansallisen lukutaitostrategian 2030 tavoitteita. Lukutaitopolun tavoitteena on luoda jokaiselle lapselle h\u00e4nen lukutaitojaan tukeva ja kehitt\u00e4v\u00e4 polku, joka varhaiskasvatuksesta l\u00e4htien tukee h\u00e4nen monilukutaitojaan ja &hellip; <a href=\"https:\/\/www.lukevatulevaisuus.fi\/\" class=\"more-link\">Jatka artikkeliin <span class=\"screen-reader-text\">Lukeva tulevaisuus -lukutaitoty\u00f6<\/span><\/a><\/p>\n","protected":false},"author":1,"featured_media":0,"parent":0,"menu_order":0,"comment_status":"closed","ping_status":"closed","template":"","meta":{"footnotes":""},"class_list":["post-19","page","type-page","status-publish","hentry"],"aioseo_notices":[],"_links":{"self":[{"href":"https:\/\/www.lukevatulevaisuus.fi\/index.php\/wp-json\/wp\/v2\/pages\/19","targetHints":{"allow":["GET"]}}],"collection":[{"href":"https:\/\/www.lukevatulevaisuus.fi\/index.php\/wp-json\/wp\/v2\/pages"}],"about":[{"href":"https:\/\/www.lukevatulevaisuus.fi\/index.php\/wp-json\/wp\/v2\/types\/page"}],"author":[{"embeddable":true,"href":"https:\/\/www.lukevatulevaisuus.fi\/index.php\/wp-json\/wp\/v2\/users\/1"}],"replies":[{"embeddable":true,"href":"https:\/\/www.lukevatulevaisuus.fi\/index.php\/wp-json\/wp\/v2\/comments?post=19"}],"version-history":[{"count":98,"href":"https:\/\/www.lukevatulevaisuus.fi\/index.php\/wp-json\/wp\/v2\/pages\/19\/revisions"}],"predecessor-version":[{"id":1678,"href":"https:\/\/www.lukevatulevaisuus.fi\/index.php\/wp-json\/wp\/v2\/pages\/19\/revisions\/1678"}],"wp:attachment":[{"href":"https:\/\/www.lukevatulevaisuus.fi\/index.php\/wp-json\/wp\/v2\/media?parent=19"}],"curies":[{"name":"wp","href":"https:\/\/api.w.org\/{rel}","templated":true}]}}