{"id":2,"date":"2023-06-15T22:12:28","date_gmt":"2023-06-15T22:12:28","guid":{"rendered":"http:\/\/www.lukevatulevaisuus.fi\/?page_id=2"},"modified":"2023-06-27T18:35:43","modified_gmt":"2023-06-27T18:35:43","slug":"sample-page","status":"publish","type":"page","link":"https:\/\/www.lukevatulevaisuus.fi\/index.php\/sample-page\/","title":{"rendered":"Lukeva tulevaisuus -hankkeen tavoitteet"},"content":{"rendered":"\n<figure class=\"wp-block-gallery has-nested-images columns-default is-cropped wp-block-gallery-1 is-layout-flex wp-block-gallery-is-layout-flex\">\n<figure class=\"wp-block-image size-large\"><img loading=\"lazy\" decoding=\"async\" width=\"1024\" height=\"1024\" data-id=\"428\" src=\"http:\/\/www.lukevatulevaisuus.fi\/wp-content\/uploads\/2023\/06\/pikist67-1024x1024.jpg\" alt=\"\" class=\"wp-image-428\" srcset=\"https:\/\/www.lukevatulevaisuus.fi\/wp-content\/uploads\/2023\/06\/pikist67-1024x1024.jpg 1024w, https:\/\/www.lukevatulevaisuus.fi\/wp-content\/uploads\/2023\/06\/pikist67-300x300.jpg 300w, https:\/\/www.lukevatulevaisuus.fi\/wp-content\/uploads\/2023\/06\/pikist67-150x150.jpg 150w, https:\/\/www.lukevatulevaisuus.fi\/wp-content\/uploads\/2023\/06\/pikist67-768x768.jpg 768w, https:\/\/www.lukevatulevaisuus.fi\/wp-content\/uploads\/2023\/06\/pikist67.jpg 1280w\" sizes=\"auto, (max-width: 1024px) 100vw, 1024px\" \/><\/figure>\n\n\n\n<figure class=\"wp-block-image size-full\"><img loading=\"lazy\" decoding=\"async\" width=\"919\" height=\"919\" data-id=\"174\" src=\"http:\/\/www.lukevatulevaisuus.fi\/wp-content\/uploads\/2023\/06\/ca4ba011-0ebd-4da6-b8fc-4d93ccce08d5-edited.jpg\" alt=\"\" class=\"wp-image-174\" srcset=\"https:\/\/www.lukevatulevaisuus.fi\/wp-content\/uploads\/2023\/06\/ca4ba011-0ebd-4da6-b8fc-4d93ccce08d5-edited.jpg 919w, https:\/\/www.lukevatulevaisuus.fi\/wp-content\/uploads\/2023\/06\/ca4ba011-0ebd-4da6-b8fc-4d93ccce08d5-edited-300x300.jpg 300w, https:\/\/www.lukevatulevaisuus.fi\/wp-content\/uploads\/2023\/06\/ca4ba011-0ebd-4da6-b8fc-4d93ccce08d5-edited-150x150.jpg 150w, https:\/\/www.lukevatulevaisuus.fi\/wp-content\/uploads\/2023\/06\/ca4ba011-0ebd-4da6-b8fc-4d93ccce08d5-edited-768x768.jpg 768w\" sizes=\"auto, (max-width: 919px) 100vw, 919px\" \/><\/figure>\n<\/figure>\n\n\n\n<p><\/p>\n\n\n\n<p><strong>Yhteisty\u00f6ll\u00e4 lukutaitomuskelit kuntoon!<\/strong><\/p>\n\n\n\n<p>Lukukeva tulevaisuus -hankkeen tavoitteena on luoda jokaiselle lapselle h\u00e4nen lukutaitojaan tukeva ja kehitt\u00e4v\u00e4 <strong>lukutaitopolku<\/strong>, joka varhaiskasvatuksesta l\u00e4htien tukee h\u00e4nen monilukutaitojaan ja lukuinnostustaan aina peruskoulun p\u00e4\u00e4ttymiseen asti, ja valmistaa h\u00e4nelle lukevaa tulevaisuutta.<\/p>\n\n\n\n<p>Tavoitteena on verkostoitua ja rakentaa kouluyhteis\u00f6n rakenteisiin integroitavia toimia jotka j\u00e4\u00e4v\u00e4t el\u00e4m\u00e4\u00e4n pysyvin\u00e4 toimenpitein\u00e4. Tavoitteena on taata jokaiselle lapselle tasa-arvoinen mahdollisuus kehitt\u00e4\u00e4 lukemisen taitojaan riippumatta kotitaustasta, kotikielest\u00e4 ja yhteiskunnallisesta asemasta, ja tukea lasten tasa-arvoista oppimista sek\u00e4 ennaltaehk\u00e4ist\u00e4 syrj\u00e4ytymist\u00e4.<\/p>\n\n\n\n<p>Lukutaitopolku-mallin tavoite on integroida koulu- ja kuntayhteisty\u00f6verkostoon pysyvi\u00e4 lukutaitotoimia ja rakenteita, jotka j\u00e4\u00e4v\u00e4t el\u00e4m\u00e4\u00e4n yli hankekauden itsest\u00e4\u00e4nselv\u00e4n\u00e4 osana pysyv\u00e4\u00e4 ja pitk\u00e4j\u00e4nteist\u00e4 lukutaitotoimintaa. Hankkeen pyrkimyksen\u00e4 on saattaa lukutaitoty\u00f6 osaksi kunnan varhaiskasvatus- ja opetussuunnitelmia.<\/p>\n\n\n\n<p>Hankkeen aikana luodaan my\u00f6s yhteisty\u00f6suunnitelmia ja -sopimuksia eri tahojen v\u00e4lille, jotta saadaan rakennettua kuntaan ja kouluyhteis\u00f6\u00f6n pysyv\u00e4 monilukutaitoja edist\u00e4v\u00e4 verkosto. Hankkeen tavoitteena on laajentua my\u00f6s yli kuntarajojen laajemmaksi verkostoksi ja malliksi muiden kuntien lukutaitoty\u00f6t\u00e4 hy\u00f6dytt\u00e4m\u00e4\u00e4n.<\/p>\n\n\n\n<p>Hanke antaa lapsille ja nuorille tasa-arvoiset l\u00e4ht\u00f6kohdat monilukutaitojen oppimiselle ja kehitt\u00e4miselle monimuotoisten tekstien, tilanteiden ja alustojen parissa. Hanke edist\u00e4\u00e4 lukemisen kulttuurin n\u00e4kyvyytt\u00e4 ja kielitietoisuuden her\u00e4\u00e4mist\u00e4.<\/p>\n\n\n\n<p>Hanke edist\u00e4\u00e4 yhteiskunnallisen vaikuttamisen mahdollisuuksia yksil\u00f6tasosta l\u00e4htien, toisaalta koko kunta ja verkosto kasvaa osallisuuteen yksil\u00f6n lukutaitojen kehitt\u00e4j\u00e4n\u00e4, tukijana ja mahdollistajana. Hanke kehitt\u00e4\u00e4 terveys- ja talouslukutaitoja antamaan pohjaa arjessa p\u00e4rj\u00e4\u00e4miselle ja hyv\u00e4lle el\u00e4m\u00e4lle sek\u00e4 kehitt\u00e4\u00e4 medialukutaitoja ja kriittist\u00e4 lukutaitoa osana digitaalisiakin lukutaitoja. Tasa-arvoiset mahdollisuudet hyviin monilukutaitoihin ja vuorovaikutustaitoihin antavat jokaiselle tasa-arvoisen pohjan opiskeluissa ja ty\u00f6el\u00e4m\u00e4ss\u00e4 sek\u00e4 mahdollistaa osallisuuden aktiivisena yhteiskunnan j\u00e4senen\u00e4.<\/p>\n\n\n\n<p><\/p>\n","protected":false},"excerpt":{"rendered":"<p>Yhteisty\u00f6ll\u00e4 lukutaitomuskelit kuntoon! Lukukeva tulevaisuus -hankkeen tavoitteena on luoda jokaiselle lapselle h\u00e4nen lukutaitojaan tukeva ja kehitt\u00e4v\u00e4 lukutaitopolku, joka varhaiskasvatuksesta l\u00e4htien tukee h\u00e4nen monilukutaitojaan ja lukuinnostustaan aina peruskoulun p\u00e4\u00e4ttymiseen asti, ja valmistaa h\u00e4nelle lukevaa tulevaisuutta. Tavoitteena on verkostoitua ja rakentaa kouluyhteis\u00f6n rakenteisiin integroitavia toimia jotka j\u00e4\u00e4v\u00e4t el\u00e4m\u00e4\u00e4n pysyvin\u00e4 toimenpitein\u00e4. Tavoitteena on taata jokaiselle lapselle tasa-arvoinen mahdollisuus &hellip; <a href=\"https:\/\/www.lukevatulevaisuus.fi\/index.php\/sample-page\/\" class=\"more-link\">Jatka artikkeliin <span class=\"screen-reader-text\">Lukeva tulevaisuus -hankkeen tavoitteet<\/span><\/a><\/p>\n","protected":false},"author":1,"featured_media":0,"parent":0,"menu_order":0,"comment_status":"closed","ping_status":"closed","template":"","meta":{"footnotes":""},"class_list":["post-2","page","type-page","status-publish","hentry"],"aioseo_notices":[],"_links":{"self":[{"href":"https:\/\/www.lukevatulevaisuus.fi\/index.php\/wp-json\/wp\/v2\/pages\/2","targetHints":{"allow":["GET"]}}],"collection":[{"href":"https:\/\/www.lukevatulevaisuus.fi\/index.php\/wp-json\/wp\/v2\/pages"}],"about":[{"href":"https:\/\/www.lukevatulevaisuus.fi\/index.php\/wp-json\/wp\/v2\/types\/page"}],"author":[{"embeddable":true,"href":"https:\/\/www.lukevatulevaisuus.fi\/index.php\/wp-json\/wp\/v2\/users\/1"}],"replies":[{"embeddable":true,"href":"https:\/\/www.lukevatulevaisuus.fi\/index.php\/wp-json\/wp\/v2\/comments?post=2"}],"version-history":[{"count":34,"href":"https:\/\/www.lukevatulevaisuus.fi\/index.php\/wp-json\/wp\/v2\/pages\/2\/revisions"}],"predecessor-version":[{"id":440,"href":"https:\/\/www.lukevatulevaisuus.fi\/index.php\/wp-json\/wp\/v2\/pages\/2\/revisions\/440"}],"wp:attachment":[{"href":"https:\/\/www.lukevatulevaisuus.fi\/index.php\/wp-json\/wp\/v2\/media?parent=2"}],"curies":[{"name":"wp","href":"https:\/\/api.w.org\/{rel}","templated":true}]}}