{"id":56,"date":"2023-06-23T06:23:15","date_gmt":"2023-06-23T06:23:15","guid":{"rendered":"http:\/\/www.lukevatulevaisuus.fi\/?page_id=56"},"modified":"2025-03-27T12:17:59","modified_gmt":"2025-03-27T12:17:59","slug":"lukutaitotyon-tyokalut","status":"publish","type":"page","link":"https:\/\/www.lukevatulevaisuus.fi\/index.php\/lukutaitotyon-tyokalut\/","title":{"rendered":"Lukutaitoty\u00f6n ty\u00f6kalut"},"content":{"rendered":"\n<figure class=\"wp-block-gallery has-nested-images columns-default is-cropped wp-block-gallery-1 is-layout-flex wp-block-gallery-is-layout-flex\">\n<figure class=\"wp-block-image size-large\"><img loading=\"lazy\" decoding=\"async\" width=\"1024\" height=\"683\" data-id=\"397\" src=\"http:\/\/www.lukevatulevaisuus.fi\/wp-content\/uploads\/2023\/06\/pikist10-1-1024x683.jpg\" alt=\"\" class=\"wp-image-397\" srcset=\"https:\/\/www.lukevatulevaisuus.fi\/wp-content\/uploads\/2023\/06\/pikist10-1-1024x683.jpg 1024w, https:\/\/www.lukevatulevaisuus.fi\/wp-content\/uploads\/2023\/06\/pikist10-1-300x200.jpg 300w, https:\/\/www.lukevatulevaisuus.fi\/wp-content\/uploads\/2023\/06\/pikist10-1-768x512.jpg 768w, https:\/\/www.lukevatulevaisuus.fi\/wp-content\/uploads\/2023\/06\/pikist10-1-1536x1024.jpg 1536w, https:\/\/www.lukevatulevaisuus.fi\/wp-content\/uploads\/2023\/06\/pikist10-1-2048x1365.jpg 2048w\" sizes=\"auto, (max-width: 1024px) 100vw, 1024px\" \/><\/figure>\n\n\n\n<figure class=\"wp-block-image size-large\"><img loading=\"lazy\" decoding=\"async\" width=\"1024\" height=\"572\" data-id=\"402\" src=\"http:\/\/www.lukevatulevaisuus.fi\/wp-content\/uploads\/2023\/06\/pikist12-2-1024x572.jpg\" alt=\"\" class=\"wp-image-402\" srcset=\"https:\/\/www.lukevatulevaisuus.fi\/wp-content\/uploads\/2023\/06\/pikist12-2-1024x572.jpg 1024w, https:\/\/www.lukevatulevaisuus.fi\/wp-content\/uploads\/2023\/06\/pikist12-2-300x168.jpg 300w, https:\/\/www.lukevatulevaisuus.fi\/wp-content\/uploads\/2023\/06\/pikist12-2-768x429.jpg 768w\" sizes=\"auto, (max-width: 1024px) 100vw, 1024px\" \/><\/figure>\n<\/figure>\n\n\n\n<p><\/p>\n\n\n\n<p><strong>Lukutaitopolku ja vuosikellot<\/strong><\/p>\n\n\n\n<p>Hankkeen aikana suunnitellaan <strong>lukutaitopolku<\/strong>, joka sis\u00e4lt\u00e4\u00e4 konkreettisia toimia ja tapahtumia jokainen ik\u00e4taso varhaiskasvatuksesta peruskoulun loppuun asti huomioiden, toimintayksik\u00f6iden vuosikelloihin kirjattuna. <strong>Vuosikello<\/strong> sis\u00e4lt\u00e4\u00e4 kaikki vuoden aikana jatkuvasti, toistuvasti ja kertaluontoisesti toteutettavat monilukutaitoa edist\u00e4v\u00e4t toimet, jotka integroidaan osaksi kouluyhteis\u00f6n vuosittaista toimintaa, pyrkimyksen\u00e4 sitouttamaan my\u00f6s mahdollisimman moni verkoston j\u00e4sen pitk\u00e4j\u00e4nteiseen toimintaan. <\/p>\n\n\n\n<p>Vuosikello ohjaa tulevaisuuden toimintaa kouluyhteis\u00f6n ja verkoston osalta ja toimii n\u00e4in ollen ty\u00f6kaluna. Hankkeen aikana vastuutetaan henkil\u00f6it\u00e4 eri toimialoilta huolehtimaan pitk\u00e4j\u00e4nteisest\u00e4 lukutaitoty\u00f6st\u00e4, ja toimintaa seurataan. Hanke hy\u00f6dynt\u00e4\u00e4 sek\u00e4 <a rel=\"noreferrer noopener\" href=\"https:\/\/www.oph.fi\/fi\/tilastot-ja-julkaisut\/julkaisut\/kansallinen-lukutaitostrategia-2030\" data-type=\"URL\" data-id=\"https:\/\/www.oph.fi\/fi\/tilastot-ja-julkaisut\/julkaisut\/kansallinen-lukutaitostrategia-2030\" target=\"_blank\">Kansallista lukutaitostrategiaa 2030<\/a> ett\u00e4 <a rel=\"noreferrer noopener\" href=\"https:\/\/lukuliike.fi\/kansallinen-lukutaito-ohjelma\/lukevakoulu\/\" data-type=\"URL\" data-id=\"https:\/\/lukuliike.fi\/kansallinen-lukutaito-ohjelma\/lukevakoulu\/\" target=\"_blank\">Lukeva koulu- mallia<\/a>. <\/p>\n\n\n\n<p>Lukutaito polun toimintamalli hy\u00f6dynt\u00e4\u00e4 Joroisten yhten\u00e4iskoululla jo toimivaa lukutiimi\u00e4 ja lukutaitoty\u00f6st\u00e4 innostuneiden ammattilaisten verkostoa. Lukutaitopolku tulee sis\u00e4lt\u00e4m\u00e4\u00e4n my\u00f6s jo vuosina 2021-2023 yl\u00e4koulussa aloitettuja monilukutaitoja tukevia toimia, kuten lukutaitokoordinaattorin tai lukuohjaajan ty\u00f6t\u00e4 luokissa yhteisty\u00f6ss\u00e4 opettajien kanssa sek\u00e4 lukuv\u00e4litunteja ja lukutunteja, kilpailuja, vierailijoita ja kirjasto- ja verkostoyhteisty\u00f6t\u00e4. Lukutaitokoordinaattori hy\u00f6dynt\u00e4\u00e4 k\u00e4yt\u00e4nn\u00f6n ty\u00f6n kautta saamaansa kokemusta lukutaitojen tilasta ja oppilaiden tarpeista, sek\u00e4 lis\u00e4\u00e4 lasten ja nuorten lukuintoa ja muokkaa asennemaailmaa my\u00f6nteiseksi yhdess\u00e4 koulun lukutiimin kanssa.<\/p>\n\n\n\n<p>Lukeva tulevaisuus -hankkeesta kirjataan my\u00f6s k\u00e4sikirja lukutaitoty\u00f6n aloittamisen ohjeeksi ja ty\u00f6n tueksi muissakin kunnissa. Hankkeen materiaalit ovat ladattavissa ja uutiset ja kuulumiset luettavissa lukuhankkeen sivustolta. P\u00e4ivit\u00e4mme materiaaleja jatkuvasti hankkeen edetess\u00e4. <\/p>\n\n\n\n<p><strong>Tervetuloa innostumaan lukutaitoty\u00f6st\u00e4 kanssamme!<\/strong><\/p>\n\n\n\n<p>Lukutaitopolku<\/p>\n\n\n\n<figure class=\"wp-block-image size-large\"><img loading=\"lazy\" decoding=\"async\" width=\"1024\" height=\"729\" src=\"http:\/\/www.lukevatulevaisuus.fi\/wp-content\/uploads\/2024\/08\/Nayttokuva-2024-8-8-kello-14.48.53-1024x729.png\" alt=\"\" class=\"wp-image-1519\" srcset=\"https:\/\/www.lukevatulevaisuus.fi\/wp-content\/uploads\/2024\/08\/Nayttokuva-2024-8-8-kello-14.48.53-1024x729.png 1024w, https:\/\/www.lukevatulevaisuus.fi\/wp-content\/uploads\/2024\/08\/Nayttokuva-2024-8-8-kello-14.48.53-300x214.png 300w, https:\/\/www.lukevatulevaisuus.fi\/wp-content\/uploads\/2024\/08\/Nayttokuva-2024-8-8-kello-14.48.53-768x547.png 768w, https:\/\/www.lukevatulevaisuus.fi\/wp-content\/uploads\/2024\/08\/Nayttokuva-2024-8-8-kello-14.48.53-1536x1094.png 1536w, https:\/\/www.lukevatulevaisuus.fi\/wp-content\/uploads\/2024\/08\/Nayttokuva-2024-8-8-kello-14.48.53.png 1738w\" sizes=\"auto, (max-width: 1024px) 100vw, 1024px\" \/><\/figure>\n\n\n\n<div data-wp-interactive=\"core\/file\" class=\"wp-block-file\"><object data-wp-bind--hidden=\"!state.hasPdfPreview\" hidden class=\"wp-block-file__embed\" data=\"http:\/\/www.lukevatulevaisuus.fi\/wp-content\/uploads\/2024\/08\/Lukutaitopolku-Lukeva-tulevaisuus.pdf\" type=\"application\/pdf\" style=\"width:100%;height:600px\" aria-label=\"Tiedoston Lukutaitopolku-Lukeva-tulevaisuus upotus.\"><\/object><a id=\"wp-block-file--media-d8c7c194-49e3-47a0-9309-6560e42af981\" href=\"http:\/\/www.lukevatulevaisuus.fi\/wp-content\/uploads\/2024\/08\/Lukutaitopolku-Lukeva-tulevaisuus.pdf\">Lukutaitopolku-Lukeva-tulevaisuus<\/a><a href=\"http:\/\/www.lukevatulevaisuus.fi\/wp-content\/uploads\/2024\/08\/Lukutaitopolku-Lukeva-tulevaisuus.pdf\" class=\"wp-block-file__button wp-element-button\" download aria-describedby=\"wp-block-file--media-d8c7c194-49e3-47a0-9309-6560e42af981\">Lataa<\/a><\/div>\n\n\n\n<p><\/p>\n\n\n\n<p><\/p>\n\n\n\n<p><em>Vuosikellopohja<\/em><\/p>\n\n\n\n<figure class=\"wp-block-gallery has-nested-images columns-default is-cropped wp-block-gallery-2 is-layout-flex wp-block-gallery-is-layout-flex\">\n<figure class=\"wp-block-image size-full\"><img loading=\"lazy\" decoding=\"async\" width=\"664\" height=\"894\" data-id=\"1481\" src=\"http:\/\/www.lukevatulevaisuus.fi\/wp-content\/uploads\/2024\/08\/Nayttokuva-2024-8-6-kello-11.17.11.png\" alt=\"\" class=\"wp-image-1481\" srcset=\"https:\/\/www.lukevatulevaisuus.fi\/wp-content\/uploads\/2024\/08\/Nayttokuva-2024-8-6-kello-11.17.11.png 664w, https:\/\/www.lukevatulevaisuus.fi\/wp-content\/uploads\/2024\/08\/Nayttokuva-2024-8-6-kello-11.17.11-223x300.png 223w\" sizes=\"auto, (max-width: 664px) 100vw, 664px\" \/><\/figure>\n<\/figure>\n\n\n\n<div class=\"wp-block-file\"><a id=\"wp-block-file--media-e873be41-f7d6-4365-a988-5e6e36b4c187\" href=\"http:\/\/www.lukevatulevaisuus.fi\/wp-content\/uploads\/2024\/08\/VUOSIKELLOPOHJA.docx\">VUOSIKELLOPOHJA<\/a><a href=\"http:\/\/www.lukevatulevaisuus.fi\/wp-content\/uploads\/2024\/08\/VUOSIKELLOPOHJA.docx\" class=\"wp-block-file__button wp-element-button\" download aria-describedby=\"wp-block-file--media-e873be41-f7d6-4365-a988-5e6e36b4c187\">Lataa<\/a><\/div>\n\n\n\n<p><\/p>\n\n\n\n<figure class=\"wp-block-image size-large\"><img loading=\"lazy\" decoding=\"async\" width=\"1024\" height=\"728\" src=\"http:\/\/www.lukevatulevaisuus.fi\/wp-content\/uploads\/2025\/03\/Nayttokuva-LT-verkostokaavio-1-1024x728.png\" alt=\"\" class=\"wp-image-1604\" srcset=\"https:\/\/www.lukevatulevaisuus.fi\/wp-content\/uploads\/2025\/03\/Nayttokuva-LT-verkostokaavio-1-1024x728.png 1024w, https:\/\/www.lukevatulevaisuus.fi\/wp-content\/uploads\/2025\/03\/Nayttokuva-LT-verkostokaavio-1-300x213.png 300w, https:\/\/www.lukevatulevaisuus.fi\/wp-content\/uploads\/2025\/03\/Nayttokuva-LT-verkostokaavio-1-768x546.png 768w, https:\/\/www.lukevatulevaisuus.fi\/wp-content\/uploads\/2025\/03\/Nayttokuva-LT-verkostokaavio-1-1536x1092.png 1536w, https:\/\/www.lukevatulevaisuus.fi\/wp-content\/uploads\/2025\/03\/Nayttokuva-LT-verkostokaavio-1.png 1888w\" sizes=\"auto, (max-width: 1024px) 100vw, 1024px\" \/><\/figure>\n\n\n\n<div data-wp-interactive=\"core\/file\" class=\"wp-block-file\"><object data-wp-bind--hidden=\"!state.hasPdfPreview\" hidden class=\"wp-block-file__embed\" data=\"http:\/\/www.lukevatulevaisuus.fi\/wp-content\/uploads\/2025\/03\/Lukeva-tulevaisuus-verkostokaavio-d-1.pdf\" type=\"application\/pdf\" style=\"width:100%;height:600px\" aria-label=\"Tiedoston Lukeva tulevaisuus verkostokaavio d upotus.\"><\/object><a id=\"wp-block-file--media-e3e3542f-a301-49b5-ae8f-0a4ebe90ec0c\" href=\"http:\/\/www.lukevatulevaisuus.fi\/wp-content\/uploads\/2025\/03\/Lukeva-tulevaisuus-verkostokaavio-d-1.pdf\">Lukeva tulevaisuus verkostokaavio d<\/a><a href=\"http:\/\/www.lukevatulevaisuus.fi\/wp-content\/uploads\/2025\/03\/Lukeva-tulevaisuus-verkostokaavio-d-1.pdf\" class=\"wp-block-file__button wp-element-button\" download aria-describedby=\"wp-block-file--media-e3e3542f-a301-49b5-ae8f-0a4ebe90ec0c\">Lataa<\/a><\/div>\n","protected":false},"excerpt":{"rendered":"<p>Lukutaitopolku ja vuosikellot Hankkeen aikana suunnitellaan lukutaitopolku, joka sis\u00e4lt\u00e4\u00e4 konkreettisia toimia ja tapahtumia jokainen ik\u00e4taso varhaiskasvatuksesta peruskoulun loppuun asti huomioiden, toimintayksik\u00f6iden vuosikelloihin kirjattuna. Vuosikello sis\u00e4lt\u00e4\u00e4 kaikki vuoden aikana jatkuvasti, toistuvasti ja kertaluontoisesti toteutettavat monilukutaitoa edist\u00e4v\u00e4t toimet, jotka integroidaan osaksi kouluyhteis\u00f6n vuosittaista toimintaa, pyrkimyksen\u00e4 sitouttamaan my\u00f6s mahdollisimman moni verkoston j\u00e4sen pitk\u00e4j\u00e4nteiseen toimintaan. Vuosikello ohjaa tulevaisuuden toimintaa &hellip; <a href=\"https:\/\/www.lukevatulevaisuus.fi\/index.php\/lukutaitotyon-tyokalut\/\" class=\"more-link\">Jatka artikkeliin <span class=\"screen-reader-text\">Lukutaitoty\u00f6n ty\u00f6kalut<\/span><\/a><\/p>\n","protected":false},"author":1,"featured_media":0,"parent":0,"menu_order":0,"comment_status":"closed","ping_status":"closed","template":"","meta":{"footnotes":""},"class_list":["post-56","page","type-page","status-publish","hentry"],"aioseo_notices":[],"_links":{"self":[{"href":"https:\/\/www.lukevatulevaisuus.fi\/index.php\/wp-json\/wp\/v2\/pages\/56","targetHints":{"allow":["GET"]}}],"collection":[{"href":"https:\/\/www.lukevatulevaisuus.fi\/index.php\/wp-json\/wp\/v2\/pages"}],"about":[{"href":"https:\/\/www.lukevatulevaisuus.fi\/index.php\/wp-json\/wp\/v2\/types\/page"}],"author":[{"embeddable":true,"href":"https:\/\/www.lukevatulevaisuus.fi\/index.php\/wp-json\/wp\/v2\/users\/1"}],"replies":[{"embeddable":true,"href":"https:\/\/www.lukevatulevaisuus.fi\/index.php\/wp-json\/wp\/v2\/comments?post=56"}],"version-history":[{"count":40,"href":"https:\/\/www.lukevatulevaisuus.fi\/index.php\/wp-json\/wp\/v2\/pages\/56\/revisions"}],"predecessor-version":[{"id":1607,"href":"https:\/\/www.lukevatulevaisuus.fi\/index.php\/wp-json\/wp\/v2\/pages\/56\/revisions\/1607"}],"wp:attachment":[{"href":"https:\/\/www.lukevatulevaisuus.fi\/index.php\/wp-json\/wp\/v2\/media?parent=56"}],"curies":[{"name":"wp","href":"https:\/\/api.w.org\/{rel}","templated":true}]}}