{"id":577,"date":"2023-08-25T14:57:25","date_gmt":"2023-08-25T14:57:25","guid":{"rendered":"http:\/\/www.lukevatulevaisuus.fi\/?page_id=577"},"modified":"2026-02-23T14:11:48","modified_gmt":"2026-02-23T14:11:48","slug":"kaikki-blogin-artikkelit","status":"publish","type":"page","link":"https:\/\/www.lukevatulevaisuus.fi\/index.php\/kaikki-blogin-artikkelit\/","title":{"rendered":"Kaikki blogin artikkelit"},"content":{"rendered":"\n<figure class=\"wp-block-gallery has-nested-images columns-default is-cropped wp-block-gallery-1 is-layout-flex wp-block-gallery-is-layout-flex\">\n<figure class=\"wp-block-image size-full\"><img loading=\"lazy\" decoding=\"async\" width=\"936\" height=\"582\" data-id=\"752\" src=\"http:\/\/www.lukevatulevaisuus.fi\/wp-content\/uploads\/2023\/09\/Nayttokuva-2023-9-1-kello-18.32.05.png\" alt=\"\" class=\"wp-image-752\" srcset=\"https:\/\/www.lukevatulevaisuus.fi\/wp-content\/uploads\/2023\/09\/Nayttokuva-2023-9-1-kello-18.32.05.png 936w, https:\/\/www.lukevatulevaisuus.fi\/wp-content\/uploads\/2023\/09\/Nayttokuva-2023-9-1-kello-18.32.05-300x187.png 300w, https:\/\/www.lukevatulevaisuus.fi\/wp-content\/uploads\/2023\/09\/Nayttokuva-2023-9-1-kello-18.32.05-768x478.png 768w\" sizes=\"auto, (max-width: 936px) 100vw, 936px\" \/><\/figure>\n\n\n\n<figure class=\"wp-block-image size-large\"><img loading=\"lazy\" decoding=\"async\" width=\"1024\" height=\"683\" data-id=\"805\" src=\"http:\/\/www.lukevatulevaisuus.fi\/wp-content\/uploads\/2023\/09\/pikist86-1024x683.jpg\" alt=\"\" class=\"wp-image-805\" srcset=\"https:\/\/www.lukevatulevaisuus.fi\/wp-content\/uploads\/2023\/09\/pikist86-1024x683.jpg 1024w, https:\/\/www.lukevatulevaisuus.fi\/wp-content\/uploads\/2023\/09\/pikist86-300x200.jpg 300w, https:\/\/www.lukevatulevaisuus.fi\/wp-content\/uploads\/2023\/09\/pikist86-768x512.jpg 768w\" sizes=\"auto, (max-width: 1024px) 100vw, 1024px\" \/><\/figure>\n<\/figure>\n\n\n\n<p><\/p>\n\n\n\n<p><a href=\"https:\/\/www.lukevatulevaisuus.fi\/index.php\/2023\/06\/15\/hello-world\/\" target=\"_blank\" rel=\"noopener\" title=\"\">Lukutaitokuulumisia Joroisista <\/a><\/p>\n\n\n\n<p><a href=\"https:\/\/www.lukevatulevaisuus.fi\/index.php\/2023\/06\/23\/lyyli-lukutoukka-ja-luulo-lukematon\/\" target=\"_blank\" rel=\"noopener\" title=\"\">Lyyli Lukutoukka ja Luulo Lukematon<\/a><\/p>\n\n\n\n<p><a href=\"https:\/\/www.lukevatulevaisuus.fi\/index.php\/2023\/06\/23\/etanaposti-kunniaan\/\" target=\"_blank\" rel=\"noopener\" title=\"\">Etanaposti kunniaan<\/a><\/p>\n\n\n\n<p><a href=\"https:\/\/www.lukevatulevaisuus.fi\/index.php\/2023\/08\/17\/lukutaitotyo-on-polkaistu-kayntiin-kesan-jalkeen\/\" target=\"_blank\" rel=\"noopener\" title=\"\">Lukutaitoty\u00f6 on polkaistu k\u00e4yntiin kes\u00e4n j\u00e4lkeen!<\/a><\/p>\n\n\n\n<p><a href=\"https:\/\/www.lukevatulevaisuus.fi\/index.php\/2023\/08\/19\/terveisia-elava-maaseutu-messuilta\/\" target=\"_blank\" rel=\"noopener\" title=\"\">Terveisi\u00e4 El\u00e4v\u00e4 Maaseutu -messuilta<\/a><\/p>\n\n\n\n<p><a href=\"https:\/\/www.lukevatulevaisuus.fi\/index.php\/2023\/08\/24\/kiertokirjojen-lukunurkka\/\" target=\"_blank\" rel=\"noopener\" title=\"\">Kiertokirjojen lukunurkka<\/a><\/p>\n\n\n\n<p><a href=\"https:\/\/www.lukevatulevaisuus.fi\/index.php\/2023\/08\/24\/vieraskynan-satoa\/\" target=\"_blank\" rel=\"noopener\" title=\"\">Vieraskyn\u00e4n satoa: Kultaiset kirjakaverit<\/a><\/p>\n\n\n\n<p><a href=\"https:\/\/www.lukevatulevaisuus.fi\/index.php\/2023\/08\/25\/kysyin-open-ailta-milta-suomen-lukeva-tulevaisuus-nayttaa\/\" target=\"_blank\" rel=\"noopener\" title=\"\">Kysyin Open Ai -teko\u00e4lylt\u00e4, milt\u00e4 Suomen lukeva tulevaisuus n\u00e4ytt\u00e4\u00e4<\/a><\/p>\n\n\n\n<p><a href=\"https:\/\/www.lukevatulevaisuus.fi\/index.php\/2023\/08\/26\/tekoaly-uhka-vai-mahdollisuus\/\" target=\"_blank\" rel=\"noopener\" title=\"\">Teko\u00e4ly &#8211; uhka vai mahdollisuus<\/a><\/p>\n\n\n\n<p><a href=\"https:\/\/www.lukevatulevaisuus.fi\/index.php\/2023\/08\/28\/elokuvasta-googleen-googlesta-kirjaan-kirjasta-kirjoittamiseen\/\" target=\"_blank\" rel=\"noopener\" title=\"\">Elokuvasta googleen, googlesta kirjaan, kirjasta kirjoittamiseen<\/a><\/p>\n\n\n\n<p><a href=\"https:\/\/www.lukevatulevaisuus.fi\/index.php\/2023\/09\/08\/unboxataan-kirja\/\" target=\"_blank\" rel=\"noopener\" title=\"\">Unboxataan kirja &#8211; Jonsku-Pro<\/a><\/p>\n\n\n\n<p><a href=\"https:\/\/www.lukevatulevaisuus.fi\/index.php\/2023\/09\/14\/maria-unboxaa-kirjan\/\" target=\"_blank\" rel=\"noopener\" title=\"\">Maria unboxaa kirjan<\/a><\/p>\n\n\n\n<p><a href=\"https:\/\/www.lukevatulevaisuus.fi\/index.php\/2023\/09\/22\/lukugallup-satu-immonen-kahari\/\" target=\"_blank\" rel=\"noopener\" title=\"\">Lukugallup &#8211; Satu Immonen-K\u00e4h\u00e4ri<\/a><\/p>\n\n\n\n<p><a href=\"https:\/\/www.lukevatulevaisuus.fi\/index.php\/2023\/09\/22\/lukugallup-mika-huovinen\/\" target=\"_blank\" rel=\"noopener\" title=\"\">Lukugallup &#8211; Mika Huovinen<\/a><\/p>\n\n\n\n<p><a href=\"https:\/\/www.lukevatulevaisuus.fi\/index.php\/2023\/09\/29\/lukugallup-mari-huupponen\/\" target=\"_blank\" rel=\"noopener\" title=\"\">Lukugallup &#8211; Mari Huupponen<\/a><\/p>\n\n\n\n<p><a href=\"https:\/\/www.lukevatulevaisuus.fi\/index.php\/2023\/10\/03\/unboxataan-kirja-kadonnut-keskittymiskyky\/\" target=\"_blank\" rel=\"noopener\" title=\"\">Unboxataan kirja &#8211; Kadonnut keskittymiskyky<\/a><\/p>\n\n\n\n<p><a href=\"https:\/\/www.lukevatulevaisuus.fi\/index.php\/2023\/10\/04\/lukugallup-jaakko-kuronen\/\" target=\"_blank\" rel=\"noopener\" title=\"\">Lukugallup &#8211; Jaakko Kuronen<\/a><\/p>\n\n\n\n<p><a href=\"https:\/\/www.lukevatulevaisuus.fi\/index.php\/2023\/10\/04\/kissa-killin-kiukkupussi\/\" target=\"_blank\" rel=\"noopener\" title=\"\">Kissa Killin Kiukkupussi!<\/a><\/p>\n\n\n\n<p><a href=\"https:\/\/www.lukevatulevaisuus.fi\/index.php\/2023\/10\/04\/kirjat-osana-opetusta\/\" target=\"_blank\" rel=\"noopener\" title=\"\">Kirjat osana opetusta<\/a><\/p>\n\n\n\n<p><a href=\"https:\/\/www.lukevatulevaisuus.fi\/index.php\/2023\/10\/04\/lukuretki-torstilan-kartanoon\/\" target=\"_blank\" rel=\"noopener\" title=\"\">Lukuretki Torstilan kartanoon<\/a><\/p>\n\n\n\n<p><a href=\"https:\/\/www.lukevatulevaisuus.fi\/index.php\/2023\/10\/06\/lukugallup-mari-kotivuori\/\" target=\"_blank\" rel=\"noopener\" title=\"\">Lukugallup &#8211; Mari Kotivuori<\/a><\/p>\n\n\n\n<p><a href=\"https:\/\/www.lukevatulevaisuus.fi\/index.php\/2023\/10\/06\/nipa-2v-unboxaa\/\" target=\"_blank\" rel=\"noopener\" title=\"\">Nipa 2 v. unboxaa!<\/a><\/p>\n\n\n\n<p><a href=\"https:\/\/www.lukevatulevaisuus.fi\/index.php\/2023\/10\/09\/syysloma-on-lukuloma\/\" target=\"_blank\" rel=\"noopener\" title=\"\">Syysloma on lukuloma!<\/a><\/p>\n\n\n\n<p><a href=\"https:\/\/www.lukevatulevaisuus.fi\/index.php\/2023\/10\/24\/kirjojen-kierratyspisteet-kayttoon\/\" target=\"_blank\" rel=\"noopener\" title=\"\">Kirjojen kierr\u00e4tyspisteet k\u00e4ytt\u00f6\u00f6n!<\/a><\/p>\n\n\n\n<figure class=\"wp-block-embed is-type-wp-embed is-provider-lukeva-tulevaisuus wp-block-embed-lukeva-tulevaisuus\"><div class=\"wp-block-embed__wrapper\">\n<blockquote class=\"wp-embedded-content\" data-secret=\"IY8amrZYei\"><a href=\"http:\/\/www.lukevatulevaisuus.fi\/index.php\/2023\/12\/13\/syyslukukauden-satoa-lukeva-tulevaisuus-hankkeessa\/\">Syyslukukauden satoa Lukeva tulevaisuus -hankkeessa<\/a><\/blockquote><iframe loading=\"lazy\" class=\"wp-embedded-content\" sandbox=\"allow-scripts\" security=\"restricted\" style=\"position: absolute; visibility: hidden;\" title=\"&#8221;Syyslukukauden satoa Lukeva tulevaisuus -hankkeessa&#8221; &#8212; LUKEVA TULEVAISUUS\" src=\"http:\/\/www.lukevatulevaisuus.fi\/index.php\/2023\/12\/13\/syyslukukauden-satoa-lukeva-tulevaisuus-hankkeessa\/embed\/#?secret=O5r2gwhuuD#?secret=IY8amrZYei\" data-secret=\"IY8amrZYei\" width=\"600\" height=\"338\" frameborder=\"0\" marginwidth=\"0\" marginheight=\"0\" scrolling=\"no\"><\/iframe>\n<\/div><\/figure>\n\n\n\n<figure class=\"wp-block-embed is-type-wp-embed is-provider-lukeva-tulevaisuus wp-block-embed-lukeva-tulevaisuus\"><div class=\"wp-block-embed__wrapper\">\n<blockquote class=\"wp-embedded-content\" data-secret=\"PG99JZnFwE\"><a href=\"http:\/\/www.lukevatulevaisuus.fi\/index.php\/2023\/12\/30\/lukugallup-marjut-vainio\/\">Lukugallup &#8211; Marjut Vainio<\/a><\/blockquote><iframe loading=\"lazy\" class=\"wp-embedded-content\" sandbox=\"allow-scripts\" security=\"restricted\" style=\"position: absolute; visibility: hidden;\" title=\"&#8221;Lukugallup &#8211; Marjut Vainio&#8221; &#8212; LUKEVA TULEVAISUUS\" src=\"http:\/\/www.lukevatulevaisuus.fi\/index.php\/2023\/12\/30\/lukugallup-marjut-vainio\/embed\/#?secret=l1jgWsfdz6#?secret=PG99JZnFwE\" data-secret=\"PG99JZnFwE\" width=\"600\" height=\"338\" frameborder=\"0\" marginwidth=\"0\" marginheight=\"0\" scrolling=\"no\"><\/iframe>\n<\/div><\/figure>\n\n\n\n<figure class=\"wp-block-embed is-type-wp-embed is-provider-lukeva-tulevaisuus wp-block-embed-lukeva-tulevaisuus\"><div class=\"wp-block-embed__wrapper\">\n<blockquote class=\"wp-embedded-content\" data-secret=\"3zcogSuKdM\"><a href=\"http:\/\/www.lukevatulevaisuus.fi\/index.php\/2024\/01\/06\/helsingin-sanomat-mielipide\/\">Helsingin sanomat &#8211; mielipide<\/a><\/blockquote><iframe loading=\"lazy\" class=\"wp-embedded-content\" sandbox=\"allow-scripts\" security=\"restricted\" style=\"position: absolute; visibility: hidden;\" title=\"&#8221;Helsingin sanomat &#8211; mielipide&#8221; &#8212; LUKEVA TULEVAISUUS\" src=\"http:\/\/www.lukevatulevaisuus.fi\/index.php\/2024\/01\/06\/helsingin-sanomat-mielipide\/embed\/#?secret=K4qmAB1j4e#?secret=3zcogSuKdM\" data-secret=\"3zcogSuKdM\" width=\"600\" height=\"338\" frameborder=\"0\" marginwidth=\"0\" marginheight=\"0\" scrolling=\"no\"><\/iframe>\n<\/div><\/figure>\n\n\n\n<figure class=\"wp-block-embed is-type-wp-embed is-provider-lukeva-tulevaisuus wp-block-embed-lukeva-tulevaisuus\"><div class=\"wp-block-embed__wrapper\">\n<blockquote class=\"wp-embedded-content\" data-secret=\"GjyCfxFGMP\"><a href=\"http:\/\/www.lukevatulevaisuus.fi\/index.php\/2024\/01\/17\/ysien-kirjallisuuskeskustelu\/\">Ysien kirjallisuuskeskustelu<\/a><\/blockquote><iframe loading=\"lazy\" class=\"wp-embedded-content\" sandbox=\"allow-scripts\" security=\"restricted\" style=\"position: absolute; visibility: hidden;\" title=\"&#8221;Ysien kirjallisuuskeskustelu&#8221; &#8212; LUKEVA TULEVAISUUS\" src=\"http:\/\/www.lukevatulevaisuus.fi\/index.php\/2024\/01\/17\/ysien-kirjallisuuskeskustelu\/embed\/#?secret=Cfdty0eX2H#?secret=GjyCfxFGMP\" data-secret=\"GjyCfxFGMP\" width=\"600\" height=\"338\" frameborder=\"0\" marginwidth=\"0\" marginheight=\"0\" scrolling=\"no\"><\/iframe>\n<\/div><\/figure>\n\n\n\n<figure class=\"wp-block-embed is-type-wp-embed is-provider-lukeva-tulevaisuus wp-block-embed-lukeva-tulevaisuus\"><div class=\"wp-block-embed__wrapper\">\n<blockquote class=\"wp-embedded-content\" data-secret=\"YCLoK7VXTw\"><a href=\"http:\/\/www.lukevatulevaisuus.fi\/index.php\/2024\/01\/29\/lukutaitokoordinaattorin-paiva\/\">Lukutaitokoordinaattorin p\u00e4iv\u00e4<\/a><\/blockquote><iframe loading=\"lazy\" class=\"wp-embedded-content\" sandbox=\"allow-scripts\" security=\"restricted\" style=\"position: absolute; visibility: hidden;\" title=\"&#8221;Lukutaitokoordinaattorin p\u00e4iv\u00e4&#8221; &#8212; LUKEVA TULEVAISUUS\" src=\"http:\/\/www.lukevatulevaisuus.fi\/index.php\/2024\/01\/29\/lukutaitokoordinaattorin-paiva\/embed\/#?secret=CbUY7L7t8U#?secret=YCLoK7VXTw\" data-secret=\"YCLoK7VXTw\" width=\"600\" height=\"338\" frameborder=\"0\" marginwidth=\"0\" marginheight=\"0\" scrolling=\"no\"><\/iframe>\n<\/div><\/figure>\n\n\n\n<figure class=\"wp-block-embed is-type-wp-embed is-provider-lukeva-tulevaisuus wp-block-embed-lukeva-tulevaisuus\"><div class=\"wp-block-embed__wrapper\">\n<blockquote class=\"wp-embedded-content\" data-secret=\"QEbVGKBczh\"><a href=\"http:\/\/www.lukevatulevaisuus.fi\/index.php\/2024\/02\/13\/lukugallup-zonevd-joona-leppala\/\">Lukugallup &#8211; ZoneVD Joona Lepp\u00e4l\u00e4<\/a><\/blockquote><iframe loading=\"lazy\" class=\"wp-embedded-content\" sandbox=\"allow-scripts\" security=\"restricted\" style=\"position: absolute; visibility: hidden;\" title=\"&#8221;Lukugallup &#8211; ZoneVD Joona Lepp\u00e4l\u00e4&#8221; &#8212; LUKEVA TULEVAISUUS\" src=\"http:\/\/www.lukevatulevaisuus.fi\/index.php\/2024\/02\/13\/lukugallup-zonevd-joona-leppala\/embed\/#?secret=8vAMv9lLdq#?secret=QEbVGKBczh\" data-secret=\"QEbVGKBczh\" width=\"600\" height=\"338\" frameborder=\"0\" marginwidth=\"0\" marginheight=\"0\" scrolling=\"no\"><\/iframe>\n<\/div><\/figure>\n\n\n\n<figure class=\"wp-block-embed is-type-wp-embed is-provider-lukeva-tulevaisuus wp-block-embed-lukeva-tulevaisuus\"><div class=\"wp-block-embed__wrapper\">\n<blockquote class=\"wp-embedded-content\" data-secret=\"8gYbGI6D4p\"><a href=\"http:\/\/www.lukevatulevaisuus.fi\/index.php\/2024\/04\/03\/kirjastoetsivat\/\">KIRJASTOETSIV\u00c4T<\/a><\/blockquote><iframe loading=\"lazy\" class=\"wp-embedded-content\" sandbox=\"allow-scripts\" security=\"restricted\" style=\"position: absolute; visibility: hidden;\" title=\"&#8221;KIRJASTOETSIV\u00c4T&#8221; &#8212; LUKEVA TULEVAISUUS\" src=\"http:\/\/www.lukevatulevaisuus.fi\/index.php\/2024\/04\/03\/kirjastoetsivat\/embed\/#?secret=xLG7U3nfCE#?secret=8gYbGI6D4p\" data-secret=\"8gYbGI6D4p\" width=\"600\" height=\"338\" frameborder=\"0\" marginwidth=\"0\" marginheight=\"0\" scrolling=\"no\"><\/iframe>\n<\/div><\/figure>\n\n\n\n<figure class=\"wp-block-embed is-type-wp-embed is-provider-lukeva-tulevaisuus wp-block-embed-lukeva-tulevaisuus\"><div class=\"wp-block-embed__wrapper\">\n<blockquote class=\"wp-embedded-content\" data-secret=\"1dCqCA4zct\"><a href=\"http:\/\/www.lukevatulevaisuus.fi\/index.php\/2024\/04\/03\/salasaaren-salapaja\/\">Salasaaren salapaja<\/a><\/blockquote><iframe loading=\"lazy\" class=\"wp-embedded-content\" sandbox=\"allow-scripts\" security=\"restricted\" style=\"position: absolute; visibility: hidden;\" title=\"&#8221;Salasaaren salapaja&#8221; &#8212; LUKEVA TULEVAISUUS\" src=\"http:\/\/www.lukevatulevaisuus.fi\/index.php\/2024\/04\/03\/salasaaren-salapaja\/embed\/#?secret=O0qBKL23ie#?secret=1dCqCA4zct\" data-secret=\"1dCqCA4zct\" width=\"600\" height=\"338\" frameborder=\"0\" marginwidth=\"0\" marginheight=\"0\" scrolling=\"no\"><\/iframe>\n<\/div><\/figure>\n\n\n\n<figure class=\"wp-block-embed is-type-wp-embed is-provider-lukeva-tulevaisuus wp-block-embed-lukeva-tulevaisuus\"><div class=\"wp-block-embed__wrapper\">\n<blockquote class=\"wp-embedded-content\" data-secret=\"fQw0JTqblK\"><a href=\"http:\/\/www.lukevatulevaisuus.fi\/index.php\/2024\/04\/10\/zonevd-tubettaja-ja-nuorten-tietokirjailija-joona-leppala-vieraili-joroisten-alakouluilla\/\">ZoneVD &#8211; tubettaja ja nuorten tietokirjailija Joona Lepp\u00e4l\u00e4 vieraili Joroisten alakouluilla!<\/a><\/blockquote><iframe loading=\"lazy\" class=\"wp-embedded-content\" sandbox=\"allow-scripts\" security=\"restricted\" style=\"position: absolute; visibility: hidden;\" title=\"&#8221;ZoneVD &#8211; tubettaja ja nuorten tietokirjailija Joona Lepp\u00e4l\u00e4 vieraili Joroisten alakouluilla!&#8221; &#8212; LUKEVA TULEVAISUUS\" src=\"http:\/\/www.lukevatulevaisuus.fi\/index.php\/2024\/04\/10\/zonevd-tubettaja-ja-nuorten-tietokirjailija-joona-leppala-vieraili-joroisten-alakouluilla\/embed\/#?secret=Yk2Q4FvXqk#?secret=fQw0JTqblK\" data-secret=\"fQw0JTqblK\" width=\"600\" height=\"338\" frameborder=\"0\" marginwidth=\"0\" marginheight=\"0\" scrolling=\"no\"><\/iframe>\n<\/div><\/figure>\n\n\n\n<figure class=\"wp-block-embed is-type-wp-embed is-provider-lukeva-tulevaisuus wp-block-embed-lukeva-tulevaisuus\"><div class=\"wp-block-embed__wrapper\">\n<blockquote class=\"wp-embedded-content\" data-secret=\"yLcj76Kuqi\"><a href=\"http:\/\/www.lukevatulevaisuus.fi\/index.php\/2024\/05\/08\/niko-nenonen-kaikkea-tyota-ei-mitata-rahassa\/\">Niko Nenonen: Kaikkea ty\u00f6t\u00e4 ei mitata rahassa<\/a><\/blockquote><iframe loading=\"lazy\" class=\"wp-embedded-content\" sandbox=\"allow-scripts\" security=\"restricted\" style=\"position: absolute; visibility: hidden;\" title=\"&#8221;Niko Nenonen: Kaikkea ty\u00f6t\u00e4 ei mitata rahassa&#8221; &#8212; LUKEVA TULEVAISUUS\" src=\"http:\/\/www.lukevatulevaisuus.fi\/index.php\/2024\/05\/08\/niko-nenonen-kaikkea-tyota-ei-mitata-rahassa\/embed\/#?secret=3Kyv0NbcvD#?secret=yLcj76Kuqi\" data-secret=\"yLcj76Kuqi\" width=\"600\" height=\"338\" frameborder=\"0\" marginwidth=\"0\" marginheight=\"0\" scrolling=\"no\"><\/iframe>\n<\/div><\/figure>\n\n\n\n<figure class=\"wp-block-embed is-type-wp-embed is-provider-lukeva-tulevaisuus wp-block-embed-lukeva-tulevaisuus\"><div class=\"wp-block-embed__wrapper\">\n<blockquote class=\"wp-embedded-content\" data-secret=\"zPJxXHkqNI\"><a href=\"http:\/\/www.lukevatulevaisuus.fi\/index.php\/2024\/06\/10\/lukutriathlon\/\">LUKUTRIATHLON<\/a><\/blockquote><iframe loading=\"lazy\" class=\"wp-embedded-content\" sandbox=\"allow-scripts\" security=\"restricted\" style=\"position: absolute; visibility: hidden;\" title=\"&#8221;LUKUTRIATHLON&#8221; &#8212; LUKEVA TULEVAISUUS\" src=\"http:\/\/www.lukevatulevaisuus.fi\/index.php\/2024\/06\/10\/lukutriathlon\/embed\/#?secret=5464bD5Wsh#?secret=zPJxXHkqNI\" data-secret=\"zPJxXHkqNI\" width=\"600\" height=\"338\" frameborder=\"0\" marginwidth=\"0\" marginheight=\"0\" scrolling=\"no\"><\/iframe>\n<\/div><\/figure>\n\n\n\n<figure class=\"wp-block-embed is-type-wp-embed is-provider-lukeva-tulevaisuus wp-block-embed-lukeva-tulevaisuus\"><div class=\"wp-block-embed__wrapper\">\n<blockquote class=\"wp-embedded-content\" data-secret=\"ukkizWK2PM\"><a href=\"http:\/\/www.lukevatulevaisuus.fi\/index.php\/2024\/06\/17\/kirjastokyselyn-tulokset\/\">Kirjastokyselyn tulokset<\/a><\/blockquote><iframe loading=\"lazy\" class=\"wp-embedded-content\" sandbox=\"allow-scripts\" security=\"restricted\" style=\"position: absolute; visibility: hidden;\" title=\"&#8221;Kirjastokyselyn tulokset&#8221; &#8212; LUKEVA TULEVAISUUS\" src=\"http:\/\/www.lukevatulevaisuus.fi\/index.php\/2024\/06\/17\/kirjastokyselyn-tulokset\/embed\/#?secret=Tc0k0WauJi#?secret=ukkizWK2PM\" data-secret=\"ukkizWK2PM\" width=\"600\" height=\"338\" frameborder=\"0\" marginwidth=\"0\" marginheight=\"0\" scrolling=\"no\"><\/iframe>\n<\/div><\/figure>\n\n\n\n<figure class=\"wp-block-embed is-type-wp-embed is-provider-lukeva-tulevaisuus wp-block-embed-lukeva-tulevaisuus\"><div class=\"wp-block-embed__wrapper\">\n<blockquote class=\"wp-embedded-content\" data-secret=\"tdKgiUkduS\"><a href=\"http:\/\/www.lukevatulevaisuus.fi\/index.php\/2025\/01\/02\/zonevdn-jouluvideo\/\">ZoneVD:n jouluvideo!<\/a><\/blockquote><iframe loading=\"lazy\" class=\"wp-embedded-content\" sandbox=\"allow-scripts\" security=\"restricted\" style=\"position: absolute; visibility: hidden;\" title=\"&#8221;ZoneVD:n jouluvideo!&#8221; &#8212; LUKEVA TULEVAISUUS\" src=\"http:\/\/www.lukevatulevaisuus.fi\/index.php\/2025\/01\/02\/zonevdn-jouluvideo\/embed\/#?secret=YZfaoOXTMd#?secret=tdKgiUkduS\" data-secret=\"tdKgiUkduS\" width=\"600\" height=\"338\" frameborder=\"0\" marginwidth=\"0\" marginheight=\"0\" scrolling=\"no\"><\/iframe>\n<\/div><\/figure>\n\n\n\n<figure class=\"wp-block-embed is-type-wp-embed is-provider-lukeva-tulevaisuus wp-block-embed-lukeva-tulevaisuus\"><div class=\"wp-block-embed__wrapper\">\n<blockquote class=\"wp-embedded-content\" data-secret=\"85J9L26jxH\"><a href=\"http:\/\/www.lukevatulevaisuus.fi\/index.php\/2025\/02\/24\/draamallinen-lukuhetki-varhaiskasvatuksessa\/\">Draamallinen lukuhetki varhaiskasvatuksessa<\/a><\/blockquote><iframe loading=\"lazy\" class=\"wp-embedded-content\" sandbox=\"allow-scripts\" security=\"restricted\" style=\"position: absolute; visibility: hidden;\" title=\"&#8221;Draamallinen lukuhetki varhaiskasvatuksessa&#8221; &#8212; LUKEVA TULEVAISUUS\" src=\"http:\/\/www.lukevatulevaisuus.fi\/index.php\/2025\/02\/24\/draamallinen-lukuhetki-varhaiskasvatuksessa\/embed\/#?secret=swSezAE4Ln#?secret=85J9L26jxH\" data-secret=\"85J9L26jxH\" width=\"600\" height=\"338\" frameborder=\"0\" marginwidth=\"0\" marginheight=\"0\" scrolling=\"no\"><\/iframe>\n<\/div><\/figure>\n\n\n\n<figure class=\"wp-block-embed is-type-wp-embed is-provider-lukeva-tulevaisuus wp-block-embed-lukeva-tulevaisuus\"><div class=\"wp-block-embed__wrapper\">\n<blockquote class=\"wp-embedded-content\" data-secret=\"vmT9fasXcN\"><a href=\"http:\/\/www.lukevatulevaisuus.fi\/index.php\/2025\/04\/15\/savolaenen-lukuhuaste\/\">Savolaenen lukuhuaste!<\/a><\/blockquote><iframe loading=\"lazy\" class=\"wp-embedded-content\" sandbox=\"allow-scripts\" security=\"restricted\" style=\"position: absolute; visibility: hidden;\" title=\"&#8221;Savolaenen lukuhuaste!&#8221; &#8212; LUKEVA TULEVAISUUS\" src=\"http:\/\/www.lukevatulevaisuus.fi\/index.php\/2025\/04\/15\/savolaenen-lukuhuaste\/embed\/#?secret=TfbxUb4v3N#?secret=vmT9fasXcN\" data-secret=\"vmT9fasXcN\" width=\"600\" height=\"338\" frameborder=\"0\" marginwidth=\"0\" marginheight=\"0\" scrolling=\"no\"><\/iframe>\n<\/div><\/figure>\n\n\n\n<figure class=\"wp-block-embed is-type-wp-embed is-provider-lukeva-tulevaisuus wp-block-embed-lukeva-tulevaisuus\"><div class=\"wp-block-embed__wrapper\">\n<blockquote class=\"wp-embedded-content\" data-secret=\"1TmCKkzIk8\"><a href=\"http:\/\/www.lukevatulevaisuus.fi\/index.php\/2026\/02\/23\/zonevdn-terveiset-lukuvuoden-alkuun\/\">ZoneVD:n terveiset lukuvuoden 2025 alkuun!<\/a><\/blockquote><iframe loading=\"lazy\" class=\"wp-embedded-content\" sandbox=\"allow-scripts\" security=\"restricted\" style=\"position: absolute; visibility: hidden;\" title=\"&#8221;ZoneVD:n terveiset lukuvuoden 2025 alkuun!&#8221; &#8212; LUKEVA TULEVAISUUS\" src=\"http:\/\/www.lukevatulevaisuus.fi\/index.php\/2026\/02\/23\/zonevdn-terveiset-lukuvuoden-alkuun\/embed\/#?secret=XLZqKkBNHK#?secret=1TmCKkzIk8\" data-secret=\"1TmCKkzIk8\" width=\"600\" height=\"338\" frameborder=\"0\" marginwidth=\"0\" marginheight=\"0\" scrolling=\"no\"><\/iframe>\n<\/div><\/figure>\n\n\n\n<p><\/p>\n","protected":false},"excerpt":{"rendered":"<p>Lukutaitokuulumisia Joroisista Lyyli Lukutoukka ja Luulo Lukematon Etanaposti kunniaan Lukutaitoty\u00f6 on polkaistu k\u00e4yntiin kes\u00e4n j\u00e4lkeen! Terveisi\u00e4 El\u00e4v\u00e4 Maaseutu -messuilta Kiertokirjojen lukunurkka Vieraskyn\u00e4n satoa: Kultaiset kirjakaverit Kysyin Open Ai -teko\u00e4lylt\u00e4, milt\u00e4 Suomen lukeva tulevaisuus n\u00e4ytt\u00e4\u00e4 Teko\u00e4ly &#8211; uhka vai mahdollisuus Elokuvasta googleen, googlesta kirjaan, kirjasta kirjoittamiseen Unboxataan kirja &#8211; Jonsku-Pro Maria unboxaa kirjan Lukugallup &#8211; Satu &hellip; <a href=\"https:\/\/www.lukevatulevaisuus.fi\/index.php\/kaikki-blogin-artikkelit\/\" class=\"more-link\">Jatka artikkeliin <span class=\"screen-reader-text\">Kaikki blogin artikkelit<\/span><\/a><\/p>\n","protected":false},"author":1,"featured_media":0,"parent":0,"menu_order":0,"comment_status":"closed","ping_status":"closed","template":"","meta":{"footnotes":""},"class_list":["post-577","page","type-page","status-publish","hentry"],"aioseo_notices":[],"_links":{"self":[{"href":"https:\/\/www.lukevatulevaisuus.fi\/index.php\/wp-json\/wp\/v2\/pages\/577","targetHints":{"allow":["GET"]}}],"collection":[{"href":"https:\/\/www.lukevatulevaisuus.fi\/index.php\/wp-json\/wp\/v2\/pages"}],"about":[{"href":"https:\/\/www.lukevatulevaisuus.fi\/index.php\/wp-json\/wp\/v2\/types\/page"}],"author":[{"embeddable":true,"href":"https:\/\/www.lukevatulevaisuus.fi\/index.php\/wp-json\/wp\/v2\/users\/1"}],"replies":[{"embeddable":true,"href":"https:\/\/www.lukevatulevaisuus.fi\/index.php\/wp-json\/wp\/v2\/comments?post=577"}],"version-history":[{"count":51,"href":"https:\/\/www.lukevatulevaisuus.fi\/index.php\/wp-json\/wp\/v2\/pages\/577\/revisions"}],"predecessor-version":[{"id":1680,"href":"https:\/\/www.lukevatulevaisuus.fi\/index.php\/wp-json\/wp\/v2\/pages\/577\/revisions\/1680"}],"wp:attachment":[{"href":"https:\/\/www.lukevatulevaisuus.fi\/index.php\/wp-json\/wp\/v2\/media?parent=577"}],"curies":[{"name":"wp","href":"https:\/\/api.w.org\/{rel}","templated":true}]}}