{"id":654,"date":"2023-09-01T11:05:53","date_gmt":"2023-09-01T11:05:53","guid":{"rendered":"http:\/\/www.lukevatulevaisuus.fi\/?page_id=654"},"modified":"2024-08-06T09:18:17","modified_gmt":"2024-08-06T09:18:17","slug":"materiaalipankki-ylakoulu","status":"publish","type":"page","link":"https:\/\/www.lukevatulevaisuus.fi\/index.php\/materiaalipankki-ylakoulu\/","title":{"rendered":"Materiaalipankki &#8211; Yl\u00e4koulu"},"content":{"rendered":"\n<figure class=\"wp-block-gallery has-nested-images columns-default is-cropped wp-block-gallery-1 is-layout-flex wp-block-gallery-is-layout-flex\">\n<figure class=\"wp-block-image size-large\"><img loading=\"lazy\" decoding=\"async\" width=\"1024\" height=\"674\" data-id=\"725\" src=\"http:\/\/www.lukevatulevaisuus.fi\/wp-content\/uploads\/2023\/09\/pikist70-1024x674.jpg\" alt=\"\" class=\"wp-image-725\" srcset=\"https:\/\/www.lukevatulevaisuus.fi\/wp-content\/uploads\/2023\/09\/pikist70-1024x674.jpg 1024w, https:\/\/www.lukevatulevaisuus.fi\/wp-content\/uploads\/2023\/09\/pikist70-300x198.jpg 300w, https:\/\/www.lukevatulevaisuus.fi\/wp-content\/uploads\/2023\/09\/pikist70-768x506.jpg 768w, https:\/\/www.lukevatulevaisuus.fi\/wp-content\/uploads\/2023\/09\/pikist70-1536x1011.jpg 1536w, https:\/\/www.lukevatulevaisuus.fi\/wp-content\/uploads\/2023\/09\/pikist70-2048x1348.jpg 2048w\" sizes=\"auto, (max-width: 1024px) 100vw, 1024px\" \/><\/figure>\n\n\n\n<figure class=\"wp-block-image size-large\"><img loading=\"lazy\" decoding=\"async\" width=\"1024\" height=\"683\" data-id=\"786\" src=\"http:\/\/www.lukevatulevaisuus.fi\/wp-content\/uploads\/2023\/09\/pikist81-1024x683.jpg\" alt=\"\" class=\"wp-image-786\" srcset=\"https:\/\/www.lukevatulevaisuus.fi\/wp-content\/uploads\/2023\/09\/pikist81-1024x683.jpg 1024w, https:\/\/www.lukevatulevaisuus.fi\/wp-content\/uploads\/2023\/09\/pikist81-300x200.jpg 300w, https:\/\/www.lukevatulevaisuus.fi\/wp-content\/uploads\/2023\/09\/pikist81-768x512.jpg 768w\" sizes=\"auto, (max-width: 1024px) 100vw, 1024px\" \/><\/figure>\n<\/figure>\n\n\n\n<p><\/p>\n\n\n\n<div class=\"wp-block-media-text is-stacked-on-mobile is-vertically-aligned-top\" style=\"grid-template-columns:27% auto\"><figure class=\"wp-block-media-text__media\"><img loading=\"lazy\" decoding=\"async\" width=\"1024\" height=\"853\" src=\"http:\/\/www.lukevatulevaisuus.fi\/wp-content\/uploads\/2023\/11\/Nayttokuva-2023-11-20-kello-11.32.49-1024x853.png\" alt=\"\" class=\"wp-image-1258 size-full\" srcset=\"https:\/\/www.lukevatulevaisuus.fi\/wp-content\/uploads\/2023\/11\/Nayttokuva-2023-11-20-kello-11.32.49-1024x853.png 1024w, https:\/\/www.lukevatulevaisuus.fi\/wp-content\/uploads\/2023\/11\/Nayttokuva-2023-11-20-kello-11.32.49-300x250.png 300w, https:\/\/www.lukevatulevaisuus.fi\/wp-content\/uploads\/2023\/11\/Nayttokuva-2023-11-20-kello-11.32.49-768x640.png 768w, https:\/\/www.lukevatulevaisuus.fi\/wp-content\/uploads\/2023\/11\/Nayttokuva-2023-11-20-kello-11.32.49.png 1536w\" sizes=\"auto, (max-width: 1024px) 100vw, 1024px\" \/><\/figure><div class=\"wp-block-media-text__content\">\n<p><strong>Joululoman kirjoitushaaste<\/strong><\/p>\n<\/div><\/div>\n\n\n\n<div data-wp-interactive=\"core\/file\" class=\"wp-block-file\"><object data-wp-bind--hidden=\"!state.hasPdfPreview\" hidden class=\"wp-block-file__embed\" data=\"http:\/\/www.lukevatulevaisuus.fi\/wp-content\/uploads\/2023\/11\/kirjoitushaaste_joulu_lukeva-tulevaisuus.pdf\" type=\"application\/pdf\" style=\"width:100%;height:600px\" aria-label=\"Tiedoston kirjoitushaaste_joulu_lukeva-tulevaisuus upotus.\"><\/object><a id=\"wp-block-file--media-00881b12-4f71-4701-b808-1cc54b1422ea\" href=\"http:\/\/www.lukevatulevaisuus.fi\/wp-content\/uploads\/2023\/11\/kirjoitushaaste_joulu_lukeva-tulevaisuus.pdf\">kirjoitushaaste_joulu_lukeva-tulevaisuus<\/a><a href=\"http:\/\/www.lukevatulevaisuus.fi\/wp-content\/uploads\/2023\/11\/kirjoitushaaste_joulu_lukeva-tulevaisuus.pdf\" class=\"wp-block-file__button wp-element-button\" download aria-describedby=\"wp-block-file--media-00881b12-4f71-4701-b808-1cc54b1422ea\">Lataa<\/a><\/div>\n\n\n\n<p><\/p>\n\n\n\n<hr class=\"wp-block-separator has-alpha-channel-opacity\"\/>\n\n\n\n<div class=\"wp-block-media-text is-stacked-on-mobile is-vertically-aligned-top\" style=\"grid-template-columns:27% auto\"><figure class=\"wp-block-media-text__media\"><img loading=\"lazy\" decoding=\"async\" width=\"1024\" height=\"686\" src=\"http:\/\/www.lukevatulevaisuus.fi\/wp-content\/uploads\/2023\/10\/Nayttokuva-2023-10-6-kello-21.29.32-1-1024x686.png\" alt=\"\" class=\"wp-image-1099 size-full\" srcset=\"https:\/\/www.lukevatulevaisuus.fi\/wp-content\/uploads\/2023\/10\/Nayttokuva-2023-10-6-kello-21.29.32-1-1024x686.png 1024w, https:\/\/www.lukevatulevaisuus.fi\/wp-content\/uploads\/2023\/10\/Nayttokuva-2023-10-6-kello-21.29.32-1-300x201.png 300w, https:\/\/www.lukevatulevaisuus.fi\/wp-content\/uploads\/2023\/10\/Nayttokuva-2023-10-6-kello-21.29.32-1-768x515.png 768w, https:\/\/www.lukevatulevaisuus.fi\/wp-content\/uploads\/2023\/10\/Nayttokuva-2023-10-6-kello-21.29.32-1-1536x1029.png 1536w, https:\/\/www.lukevatulevaisuus.fi\/wp-content\/uploads\/2023\/10\/Nayttokuva-2023-10-6-kello-21.29.32-1.png 1880w\" sizes=\"auto, (max-width: 1024px) 100vw, 1024px\" \/><\/figure><div class=\"wp-block-media-text__content\">\n<p><strong>Emojitarina<\/strong><\/p>\n\n\n\n<p>Kirjoita tarina emojien pohjalta<\/p>\n<\/div><\/div>\n\n\n\n<div data-wp-interactive=\"core\/file\" class=\"wp-block-file\"><object data-wp-bind--hidden=\"!state.hasPdfPreview\" hidden class=\"wp-block-file__embed\" data=\"http:\/\/www.lukevatulevaisuus.fi\/wp-content\/uploads\/2023\/09\/Tarina-emojien-pohjalta.pdf\" type=\"application\/pdf\" style=\"width:100%;height:600px\" aria-label=\"Tiedoston Tarina-emojien-pohjalta upotus.\"><\/object><a id=\"wp-block-file--media-1847ef40-4794-4190-a20a-0b58e1d1b6e4\" href=\"http:\/\/www.lukevatulevaisuus.fi\/wp-content\/uploads\/2023\/09\/Tarina-emojien-pohjalta.pdf\">Tarina-emojien-pohjalta<\/a><a href=\"http:\/\/www.lukevatulevaisuus.fi\/wp-content\/uploads\/2023\/09\/Tarina-emojien-pohjalta.pdf\" class=\"wp-block-file__button wp-element-button\" download aria-describedby=\"wp-block-file--media-1847ef40-4794-4190-a20a-0b58e1d1b6e4\">Lataa<\/a><\/div>\n\n\n\n<div class=\"wp-block-file\"><a id=\"wp-block-file--media-4741be7f-944b-485d-a1b8-efa3768adbb0\" href=\"http:\/\/www.lukevatulevaisuus.fi\/wp-content\/uploads\/2023\/09\/WORD_tarina-emojien-pohjalta.docx\">WORD_tarina-emojien-pohjalta<\/a><a href=\"http:\/\/www.lukevatulevaisuus.fi\/wp-content\/uploads\/2023\/09\/WORD_tarina-emojien-pohjalta.docx\" class=\"wp-block-file__button wp-element-button\" download aria-describedby=\"wp-block-file--media-4741be7f-944b-485d-a1b8-efa3768adbb0\">Lataa<\/a><\/div>\n\n\n\n<p><\/p>\n\n\n\n<hr class=\"wp-block-separator has-alpha-channel-opacity\"\/>\n\n\n\n<div class=\"wp-block-media-text is-stacked-on-mobile is-vertically-aligned-top\" style=\"grid-template-columns:27% auto\"><figure class=\"wp-block-media-text__media\"><img loading=\"lazy\" decoding=\"async\" width=\"1024\" height=\"669\" src=\"http:\/\/www.lukevatulevaisuus.fi\/wp-content\/uploads\/2023\/10\/Nayttokuva-2023-10-6-kello-21.29.54-1-1024x669.png\" alt=\"\" class=\"wp-image-1105 size-full\" srcset=\"https:\/\/www.lukevatulevaisuus.fi\/wp-content\/uploads\/2023\/10\/Nayttokuva-2023-10-6-kello-21.29.54-1-1024x669.png 1024w, https:\/\/www.lukevatulevaisuus.fi\/wp-content\/uploads\/2023\/10\/Nayttokuva-2023-10-6-kello-21.29.54-1-300x196.png 300w, https:\/\/www.lukevatulevaisuus.fi\/wp-content\/uploads\/2023\/10\/Nayttokuva-2023-10-6-kello-21.29.54-1-768x502.png 768w, https:\/\/www.lukevatulevaisuus.fi\/wp-content\/uploads\/2023\/10\/Nayttokuva-2023-10-6-kello-21.29.54-1-1536x1003.png 1536w, https:\/\/www.lukevatulevaisuus.fi\/wp-content\/uploads\/2023\/10\/Nayttokuva-2023-10-6-kello-21.29.54-1.png 1880w\" sizes=\"auto, (max-width: 1024px) 100vw, 1024px\" \/><\/figure><div class=\"wp-block-media-text__content\">\n<p><strong>Lukugallup<\/strong><\/p>\n<\/div><\/div>\n\n\n\n<div data-wp-interactive=\"core\/file\" class=\"wp-block-file\"><object data-wp-bind--hidden=\"!state.hasPdfPreview\" hidden class=\"wp-block-file__embed\" data=\"http:\/\/www.lukevatulevaisuus.fi\/wp-content\/uploads\/2023\/09\/lukugallup-2.pdf\" type=\"application\/pdf\" style=\"width:100%;height:600px\" aria-label=\"Tiedoston lukugallup-2 upotus.\"><\/object><a id=\"wp-block-file--media-3726c8cb-3e40-4824-8950-86e78733da03\" href=\"http:\/\/www.lukevatulevaisuus.fi\/wp-content\/uploads\/2023\/09\/lukugallup-2.pdf\">lukugallup-2<\/a><a href=\"http:\/\/www.lukevatulevaisuus.fi\/wp-content\/uploads\/2023\/09\/lukugallup-2.pdf\" class=\"wp-block-file__button wp-element-button\" download aria-describedby=\"wp-block-file--media-3726c8cb-3e40-4824-8950-86e78733da03\">Lataa<\/a><\/div>\n\n\n\n<div class=\"wp-block-file\"><a id=\"wp-block-file--media-50f0ad65-6721-4d7b-a251-5b0ad5ad71c6\" href=\"http:\/\/www.lukevatulevaisuus.fi\/wp-content\/uploads\/2023\/09\/WORD_lukugallup-2.docx\">WORD_lukugallup-2<\/a><a href=\"http:\/\/www.lukevatulevaisuus.fi\/wp-content\/uploads\/2023\/09\/WORD_lukugallup-2.docx\" class=\"wp-block-file__button wp-element-button\" download aria-describedby=\"wp-block-file--media-50f0ad65-6721-4d7b-a251-5b0ad5ad71c6\">Lataa<\/a><\/div>\n\n\n\n<p><\/p>\n\n\n\n<hr class=\"wp-block-separator has-alpha-channel-opacity\"\/>\n\n\n\n<div class=\"wp-block-media-text is-stacked-on-mobile is-vertically-aligned-top\" style=\"grid-template-columns:27% auto\"><figure class=\"wp-block-media-text__media\"><img loading=\"lazy\" decoding=\"async\" width=\"1024\" height=\"669\" src=\"http:\/\/www.lukevatulevaisuus.fi\/wp-content\/uploads\/2023\/10\/Nayttokuva-2023-10-6-kello-21.30.24-1024x669.png\" alt=\"\" class=\"wp-image-1101 size-full\" srcset=\"https:\/\/www.lukevatulevaisuus.fi\/wp-content\/uploads\/2023\/10\/Nayttokuva-2023-10-6-kello-21.30.24-1024x669.png 1024w, https:\/\/www.lukevatulevaisuus.fi\/wp-content\/uploads\/2023\/10\/Nayttokuva-2023-10-6-kello-21.30.24-300x196.png 300w, https:\/\/www.lukevatulevaisuus.fi\/wp-content\/uploads\/2023\/10\/Nayttokuva-2023-10-6-kello-21.30.24-768x502.png 768w, https:\/\/www.lukevatulevaisuus.fi\/wp-content\/uploads\/2023\/10\/Nayttokuva-2023-10-6-kello-21.30.24-1536x1003.png 1536w, https:\/\/www.lukevatulevaisuus.fi\/wp-content\/uploads\/2023\/10\/Nayttokuva-2023-10-6-kello-21.30.24.png 1880w\" sizes=\"auto, (max-width: 1024px) 100vw, 1024px\" \/><\/figure><div class=\"wp-block-media-text__content\">\n<p>Unboxataan kirja <\/p>\n\n\n\n<p><strong>Kirjoita kirja-arvostelu<\/strong><\/p>\n<\/div><\/div>\n\n\n\n<div data-wp-interactive=\"core\/file\" class=\"wp-block-file\"><object data-wp-bind--hidden=\"!state.hasPdfPreview\" hidden class=\"wp-block-file__embed\" data=\"http:\/\/www.lukevatulevaisuus.fi\/wp-content\/uploads\/2023\/09\/Unboxataan-kirja-tehtava-1.pdf\" type=\"application\/pdf\" style=\"width:100%;height:600px\" aria-label=\"Tiedoston Unboxataan-kirja-tehtava-1 upotus.\"><\/object><a id=\"wp-block-file--media-3dbf6253-1458-405b-af5c-b6d3c77a5bc7\" href=\"http:\/\/www.lukevatulevaisuus.fi\/wp-content\/uploads\/2023\/09\/Unboxataan-kirja-tehtava-1.pdf\">Unboxataan-kirja-tehtava-1<\/a><a href=\"http:\/\/www.lukevatulevaisuus.fi\/wp-content\/uploads\/2023\/09\/Unboxataan-kirja-tehtava-1.pdf\" class=\"wp-block-file__button wp-element-button\" download aria-describedby=\"wp-block-file--media-3dbf6253-1458-405b-af5c-b6d3c77a5bc7\">Lataa<\/a><\/div>\n\n\n\n<div class=\"wp-block-file\"><a id=\"wp-block-file--media-d414f11d-4546-402e-8d0e-fe4d5655b0fb\" href=\"http:\/\/www.lukevatulevaisuus.fi\/wp-content\/uploads\/2023\/09\/WORD_Unboxataan-kirja-tehtava-1.docx\">WORD_Unboxataan-kirja-tehtava-1<\/a><a href=\"http:\/\/www.lukevatulevaisuus.fi\/wp-content\/uploads\/2023\/09\/WORD_Unboxataan-kirja-tehtava-1.docx\" class=\"wp-block-file__button wp-element-button\" download aria-describedby=\"wp-block-file--media-d414f11d-4546-402e-8d0e-fe4d5655b0fb\">Lataa<\/a><\/div>\n\n\n\n<p><\/p>\n\n\n\n<hr class=\"wp-block-separator has-alpha-channel-opacity\"\/>\n\n\n\n<div class=\"wp-block-media-text is-stacked-on-mobile is-vertically-aligned-top\" style=\"grid-template-columns:27% auto\"><figure class=\"wp-block-media-text__media\"><img loading=\"lazy\" decoding=\"async\" width=\"1024\" height=\"669\" src=\"http:\/\/www.lukevatulevaisuus.fi\/wp-content\/uploads\/2023\/10\/Nayttokuva-2023-10-6-kello-21.30.34-1024x669.png\" alt=\"\" class=\"wp-image-1102 size-full\" srcset=\"https:\/\/www.lukevatulevaisuus.fi\/wp-content\/uploads\/2023\/10\/Nayttokuva-2023-10-6-kello-21.30.34-1024x669.png 1024w, https:\/\/www.lukevatulevaisuus.fi\/wp-content\/uploads\/2023\/10\/Nayttokuva-2023-10-6-kello-21.30.34-300x196.png 300w, https:\/\/www.lukevatulevaisuus.fi\/wp-content\/uploads\/2023\/10\/Nayttokuva-2023-10-6-kello-21.30.34-768x502.png 768w, https:\/\/www.lukevatulevaisuus.fi\/wp-content\/uploads\/2023\/10\/Nayttokuva-2023-10-6-kello-21.30.34-1536x1003.png 1536w, https:\/\/www.lukevatulevaisuus.fi\/wp-content\/uploads\/2023\/10\/Nayttokuva-2023-10-6-kello-21.30.34.png 1880w\" sizes=\"auto, (max-width: 1024px) 100vw, 1024px\" \/><\/figure><div class=\"wp-block-media-text__content\">\n<p><strong>Tarinanopat puuk\u00e4sit\u00f6iss\u00e4<\/strong><\/p>\n<\/div><\/div>\n\n\n\n<div data-wp-interactive=\"core\/file\" class=\"wp-block-file\"><object data-wp-bind--hidden=\"!state.hasPdfPreview\" hidden class=\"wp-block-file__embed\" data=\"http:\/\/www.lukevatulevaisuus.fi\/wp-content\/uploads\/2023\/09\/Tarinanopat_tehtava_puukasityo-1.pdf\" type=\"application\/pdf\" style=\"width:100%;height:600px\" aria-label=\"Tiedoston Tarinanopat_tehtava_puukasityo-1 upotus.\"><\/object><a id=\"wp-block-file--media-efee4760-5c14-4e67-8a3c-aea0a3519c79\" href=\"http:\/\/www.lukevatulevaisuus.fi\/wp-content\/uploads\/2023\/09\/Tarinanopat_tehtava_puukasityo-1.pdf\">Tarinanopat_tehtava_puukasityo-1<\/a><a href=\"http:\/\/www.lukevatulevaisuus.fi\/wp-content\/uploads\/2023\/09\/Tarinanopat_tehtava_puukasityo-1.pdf\" class=\"wp-block-file__button wp-element-button\" download aria-describedby=\"wp-block-file--media-efee4760-5c14-4e67-8a3c-aea0a3519c79\">Lataa<\/a><\/div>\n\n\n\n<p><\/p>\n\n\n\n<hr class=\"wp-block-separator has-alpha-channel-opacity\"\/>\n\n\n\n<div class=\"wp-block-media-text is-stacked-on-mobile is-vertically-aligned-top\" style=\"grid-template-columns:27% auto\"><figure class=\"wp-block-media-text__media\"><img loading=\"lazy\" decoding=\"async\" width=\"1024\" height=\"669\" src=\"http:\/\/www.lukevatulevaisuus.fi\/wp-content\/uploads\/2023\/10\/Nayttokuva-2023-10-6-kello-21.31.04-1024x669.png\" alt=\"\" class=\"wp-image-1109 size-full\" srcset=\"https:\/\/www.lukevatulevaisuus.fi\/wp-content\/uploads\/2023\/10\/Nayttokuva-2023-10-6-kello-21.31.04-1024x669.png 1024w, https:\/\/www.lukevatulevaisuus.fi\/wp-content\/uploads\/2023\/10\/Nayttokuva-2023-10-6-kello-21.31.04-300x196.png 300w, https:\/\/www.lukevatulevaisuus.fi\/wp-content\/uploads\/2023\/10\/Nayttokuva-2023-10-6-kello-21.31.04-768x502.png 768w, https:\/\/www.lukevatulevaisuus.fi\/wp-content\/uploads\/2023\/10\/Nayttokuva-2023-10-6-kello-21.31.04-1536x1003.png 1536w, https:\/\/www.lukevatulevaisuus.fi\/wp-content\/uploads\/2023\/10\/Nayttokuva-2023-10-6-kello-21.31.04.png 1880w\" sizes=\"auto, (max-width: 1024px) 100vw, 1024px\" \/><\/figure><div class=\"wp-block-media-text__content\">\n<p><strong>Lukutaitopolkuni-teht\u00e4v\u00e4<\/strong><\/p>\n<\/div><\/div>\n\n\n\n<div data-wp-interactive=\"core\/file\" class=\"wp-block-file\"><object data-wp-bind--hidden=\"!state.hasPdfPreview\" hidden class=\"wp-block-file__embed\" data=\"http:\/\/www.lukevatulevaisuus.fi\/wp-content\/uploads\/2023\/10\/Oma-lukutaitopolkuni_tehtava.pdf\" type=\"application\/pdf\" style=\"width:100%;height:600px\" aria-label=\"Tiedoston Oma-lukutaitopolkuni_tehtava upotus.\"><\/object><a id=\"wp-block-file--media-8a2764b5-0759-439b-8dc8-75f4cdc920aa\" href=\"http:\/\/www.lukevatulevaisuus.fi\/wp-content\/uploads\/2023\/10\/Oma-lukutaitopolkuni_tehtava.pdf\">Oma-lukutaitopolkuni_tehtava<\/a><a href=\"http:\/\/www.lukevatulevaisuus.fi\/wp-content\/uploads\/2023\/10\/Oma-lukutaitopolkuni_tehtava.pdf\" class=\"wp-block-file__button wp-element-button\" download aria-describedby=\"wp-block-file--media-8a2764b5-0759-439b-8dc8-75f4cdc920aa\">Lataa<\/a><\/div>\n\n\n\n<div class=\"wp-block-file\"><a id=\"wp-block-file--media-f1ac37dd-460a-481a-8f77-9c5b5b35662f\" href=\"http:\/\/www.lukevatulevaisuus.fi\/wp-content\/uploads\/2023\/10\/Oma-lukutaitopolkuni_WORDpohja.docx\">Oma-lukutaitopolkuni_WORDpohja<\/a><a href=\"http:\/\/www.lukevatulevaisuus.fi\/wp-content\/uploads\/2023\/10\/Oma-lukutaitopolkuni_WORDpohja.docx\" class=\"wp-block-file__button wp-element-button\" download aria-describedby=\"wp-block-file--media-f1ac37dd-460a-481a-8f77-9c5b5b35662f\">Lataa<\/a><\/div>\n\n\n\n<p><\/p>\n\n\n\n<hr class=\"wp-block-separator has-alpha-channel-opacity\"\/>\n\n\n\n<p><\/p>\n\n\n\n<div class=\"wp-block-media-text is-stacked-on-mobile is-vertically-aligned-top\" style=\"grid-template-columns:26% auto\"><figure class=\"wp-block-media-text__media\"><img loading=\"lazy\" decoding=\"async\" width=\"978\" height=\"1024\" src=\"http:\/\/www.lukevatulevaisuus.fi\/wp-content\/uploads\/2023\/11\/Nayttokuva-2023-11-14-kello-11.17.43-978x1024.png\" alt=\"\" class=\"wp-image-1254 size-full\" srcset=\"https:\/\/www.lukevatulevaisuus.fi\/wp-content\/uploads\/2023\/11\/Nayttokuva-2023-11-14-kello-11.17.43-978x1024.png 978w, https:\/\/www.lukevatulevaisuus.fi\/wp-content\/uploads\/2023\/11\/Nayttokuva-2023-11-14-kello-11.17.43-286x300.png 286w, https:\/\/www.lukevatulevaisuus.fi\/wp-content\/uploads\/2023\/11\/Nayttokuva-2023-11-14-kello-11.17.43-768x804.png 768w, https:\/\/www.lukevatulevaisuus.fi\/wp-content\/uploads\/2023\/11\/Nayttokuva-2023-11-14-kello-11.17.43.png 1100w\" sizes=\"auto, (max-width: 978px) 100vw, 978px\" \/><\/figure><div class=\"wp-block-media-text__content\">\n<p><strong>Sis\u00e4ist\u00e4 lukemasi &#8211; ohjeita kokeisiin lukemiseen<\/strong><\/p>\n<\/div><\/div>\n\n\n\n<div data-wp-interactive=\"core\/file\" class=\"wp-block-file\"><object data-wp-bind--hidden=\"!state.hasPdfPreview\" hidden class=\"wp-block-file__embed\" data=\"http:\/\/www.lukevatulevaisuus.fi\/wp-content\/uploads\/2023\/11\/sisaista-lukemasi_lukevatulevaisuus_HStrom.pdf\" type=\"application\/pdf\" style=\"width:100%;height:600px\" aria-label=\"Tiedoston sisaista-lukemasi_lukevatulevaisuus_HStrom upotus.\"><\/object><a id=\"wp-block-file--media-e91ce6df-f7dc-4164-98e6-5286ddeac283\" href=\"http:\/\/www.lukevatulevaisuus.fi\/wp-content\/uploads\/2023\/11\/sisaista-lukemasi_lukevatulevaisuus_HStrom.pdf\">sisaista-lukemasi_lukevatulevaisuus_HStrom<\/a><a href=\"http:\/\/www.lukevatulevaisuus.fi\/wp-content\/uploads\/2023\/11\/sisaista-lukemasi_lukevatulevaisuus_HStrom.pdf\" class=\"wp-block-file__button wp-element-button\" download aria-describedby=\"wp-block-file--media-e91ce6df-f7dc-4164-98e6-5286ddeac283\">Lataa<\/a><\/div>\n\n\n\n<hr class=\"wp-block-separator has-alpha-channel-opacity\"\/>\n\n\n\n<div class=\"wp-block-media-text is-stacked-on-mobile is-vertically-aligned-top\" style=\"grid-template-columns:23% auto\"><figure class=\"wp-block-media-text__media\"><img loading=\"lazy\" decoding=\"async\" width=\"1024\" height=\"1012\" src=\"http:\/\/www.lukevatulevaisuus.fi\/wp-content\/uploads\/2024\/08\/Nayttokuva-2024-5-20-kello-12.01.59-1-1024x1012.png\" alt=\"\" class=\"wp-image-1505 size-full\" srcset=\"https:\/\/www.lukevatulevaisuus.fi\/wp-content\/uploads\/2024\/08\/Nayttokuva-2024-5-20-kello-12.01.59-1-1024x1012.png 1024w, https:\/\/www.lukevatulevaisuus.fi\/wp-content\/uploads\/2024\/08\/Nayttokuva-2024-5-20-kello-12.01.59-1-300x297.png 300w, https:\/\/www.lukevatulevaisuus.fi\/wp-content\/uploads\/2024\/08\/Nayttokuva-2024-5-20-kello-12.01.59-1-768x759.png 768w, https:\/\/www.lukevatulevaisuus.fi\/wp-content\/uploads\/2024\/08\/Nayttokuva-2024-5-20-kello-12.01.59-1.png 1034w\" sizes=\"auto, (max-width: 1024px) 100vw, 1024px\" \/><\/figure><div class=\"wp-block-media-text__content\">\n<p><strong>Lukutriathlon<\/strong><\/p>\n<\/div><\/div>\n\n\n\n<div data-wp-interactive=\"core\/file\" class=\"wp-block-file\"><object data-wp-bind--hidden=\"!state.hasPdfPreview\" hidden class=\"wp-block-file__embed\" data=\"http:\/\/www.lukevatulevaisuus.fi\/wp-content\/uploads\/2024\/08\/LUKUTRIATHLON-13-15v.pdf\" type=\"application\/pdf\" style=\"width:100%;height:600px\" aria-label=\"Tiedoston LUKUTRIATHLON-13-15v upotus.\"><\/object><a id=\"wp-block-file--media-1812ccad-b4bb-41aa-800c-a06fcf384d7b\" href=\"http:\/\/www.lukevatulevaisuus.fi\/wp-content\/uploads\/2024\/08\/LUKUTRIATHLON-13-15v.pdf\">LUKUTRIATHLON-13-15v<\/a><a href=\"http:\/\/www.lukevatulevaisuus.fi\/wp-content\/uploads\/2024\/08\/LUKUTRIATHLON-13-15v.pdf\" class=\"wp-block-file__button wp-element-button\" download aria-describedby=\"wp-block-file--media-1812ccad-b4bb-41aa-800c-a06fcf384d7b\">Lataa<\/a><\/div>\n\n\n\n<div class=\"wp-block-file\"><a id=\"wp-block-file--media-71a2e847-46b6-4f12-8161-fefcaeffe2e6\" href=\"http:\/\/www.lukevatulevaisuus.fi\/wp-content\/uploads\/2024\/08\/lukutriathlon-qr.docx\">lukutriathlon-qr<\/a><a href=\"http:\/\/www.lukevatulevaisuus.fi\/wp-content\/uploads\/2024\/08\/lukutriathlon-qr.docx\" class=\"wp-block-file__button wp-element-button\" download aria-describedby=\"wp-block-file--media-71a2e847-46b6-4f12-8161-fefcaeffe2e6\">Lataa<\/a><\/div>\n","protected":false},"excerpt":{"rendered":"<p>Joululoman kirjoitushaaste Emojitarina Kirjoita tarina emojien pohjalta Lukugallup Unboxataan kirja Kirjoita kirja-arvostelu Tarinanopat puuk\u00e4sit\u00f6iss\u00e4 Lukutaitopolkuni-teht\u00e4v\u00e4 Sis\u00e4ist\u00e4 lukemasi &#8211; ohjeita kokeisiin lukemiseen Lukutriathlon<\/p>\n","protected":false},"author":1,"featured_media":0,"parent":0,"menu_order":0,"comment_status":"closed","ping_status":"closed","template":"","meta":{"footnotes":""},"class_list":["post-654","page","type-page","status-publish","hentry"],"aioseo_notices":[],"_links":{"self":[{"href":"https:\/\/www.lukevatulevaisuus.fi\/index.php\/wp-json\/wp\/v2\/pages\/654","targetHints":{"allow":["GET"]}}],"collection":[{"href":"https:\/\/www.lukevatulevaisuus.fi\/index.php\/wp-json\/wp\/v2\/pages"}],"about":[{"href":"https:\/\/www.lukevatulevaisuus.fi\/index.php\/wp-json\/wp\/v2\/types\/page"}],"author":[{"embeddable":true,"href":"https:\/\/www.lukevatulevaisuus.fi\/index.php\/wp-json\/wp\/v2\/users\/1"}],"replies":[{"embeddable":true,"href":"https:\/\/www.lukevatulevaisuus.fi\/index.php\/wp-json\/wp\/v2\/comments?post=654"}],"version-history":[{"count":27,"href":"https:\/\/www.lukevatulevaisuus.fi\/index.php\/wp-json\/wp\/v2\/pages\/654\/revisions"}],"predecessor-version":[{"id":1509,"href":"https:\/\/www.lukevatulevaisuus.fi\/index.php\/wp-json\/wp\/v2\/pages\/654\/revisions\/1509"}],"wp:attachment":[{"href":"https:\/\/www.lukevatulevaisuus.fi\/index.php\/wp-json\/wp\/v2\/media?parent=654"}],"curies":[{"name":"wp","href":"https:\/\/api.w.org\/{rel}","templated":true}]}}