{"id":688,"date":"2023-09-01T13:00:56","date_gmt":"2023-09-01T13:00:56","guid":{"rendered":"http:\/\/www.lukevatulevaisuus.fi\/?page_id=688"},"modified":"2024-08-08T11:46:42","modified_gmt":"2024-08-08T11:46:42","slug":"materiaalipankki-yleiset","status":"publish","type":"page","link":"https:\/\/www.lukevatulevaisuus.fi\/index.php\/materiaalipankki-yleiset\/","title":{"rendered":"Materiaalipankki &#8211; yleiset"},"content":{"rendered":"\n<figure class=\"wp-block-gallery has-nested-images columns-default is-cropped wp-block-gallery-1 is-layout-flex wp-block-gallery-is-layout-flex\">\n<figure class=\"wp-block-image size-large\"><img loading=\"lazy\" decoding=\"async\" width=\"1024\" height=\"683\" data-id=\"379\" src=\"http:\/\/www.lukevatulevaisuus.fi\/wp-content\/uploads\/2023\/06\/pikist46-1024x683.jpg\" alt=\"\" class=\"wp-image-379\" srcset=\"https:\/\/www.lukevatulevaisuus.fi\/wp-content\/uploads\/2023\/06\/pikist46-1024x683.jpg 1024w, https:\/\/www.lukevatulevaisuus.fi\/wp-content\/uploads\/2023\/06\/pikist46-300x200.jpg 300w, https:\/\/www.lukevatulevaisuus.fi\/wp-content\/uploads\/2023\/06\/pikist46-768x512.jpg 768w\" sizes=\"auto, (max-width: 1024px) 100vw, 1024px\" \/><\/figure>\n\n\n\n<figure class=\"wp-block-image size-large\"><img loading=\"lazy\" decoding=\"async\" width=\"1024\" height=\"724\" data-id=\"432\" src=\"http:\/\/www.lukevatulevaisuus.fi\/wp-content\/uploads\/2023\/06\/pikist48-1024x724.jpg\" alt=\"\" class=\"wp-image-432\" srcset=\"https:\/\/www.lukevatulevaisuus.fi\/wp-content\/uploads\/2023\/06\/pikist48-1024x724.jpg 1024w, https:\/\/www.lukevatulevaisuus.fi\/wp-content\/uploads\/2023\/06\/pikist48-300x212.jpg 300w, https:\/\/www.lukevatulevaisuus.fi\/wp-content\/uploads\/2023\/06\/pikist48-768x543.jpg 768w, https:\/\/www.lukevatulevaisuus.fi\/wp-content\/uploads\/2023\/06\/pikist48-1536x1086.jpg 1536w, https:\/\/www.lukevatulevaisuus.fi\/wp-content\/uploads\/2023\/06\/pikist48-2048x1448.jpg 2048w\" sizes=\"auto, (max-width: 1024px) 100vw, 1024px\" \/><\/figure>\n<\/figure>\n\n\n\n<p><strong>Materiaalipankin kaikki materiaalit ovat vapaasti ladattavissa ja k\u00e4ytett\u00e4viss\u00e4 &#8211; ole hyv\u00e4!<\/strong><\/p>\n\n\n\n<p><\/p>\n\n\n\n<div class=\"wp-block-media-text is-stacked-on-mobile\" style=\"grid-template-columns:17% auto\"><figure class=\"wp-block-media-text__media\"><img loading=\"lazy\" decoding=\"async\" width=\"1024\" height=\"719\" src=\"http:\/\/www.lukevatulevaisuus.fi\/wp-content\/uploads\/2024\/08\/lukupolku-2-1024x719.png\" alt=\"\" class=\"wp-image-1491 size-full\" srcset=\"https:\/\/www.lukevatulevaisuus.fi\/wp-content\/uploads\/2024\/08\/lukupolku-2-1024x719.png 1024w, https:\/\/www.lukevatulevaisuus.fi\/wp-content\/uploads\/2024\/08\/lukupolku-2-300x211.png 300w, https:\/\/www.lukevatulevaisuus.fi\/wp-content\/uploads\/2024\/08\/lukupolku-2-768x539.png 768w, https:\/\/www.lukevatulevaisuus.fi\/wp-content\/uploads\/2024\/08\/lukupolku-2-1536x1078.png 1536w, https:\/\/www.lukevatulevaisuus.fi\/wp-content\/uploads\/2024\/08\/lukupolku-2.png 1656w\" sizes=\"auto, (max-width: 1024px) 100vw, 1024px\" \/><\/figure><div class=\"wp-block-media-text__content\">\n<p>Lukutaitopolku &#8211; Joroisten kunta<\/p>\n<\/div><\/div>\n\n\n\n<div data-wp-interactive=\"core\/file\" class=\"wp-block-file\"><object data-wp-bind--hidden=\"!state.hasPdfPreview\" hidden class=\"wp-block-file__embed\" data=\"http:\/\/www.lukevatulevaisuus.fi\/wp-content\/uploads\/2024\/08\/Lukutaitopolku-Lukeva-tulevaisuus-1.pdf\" type=\"application\/pdf\" style=\"width:100%;height:600px\" aria-label=\"Tiedoston Lukutaitopolku-Lukeva-tulevaisuus-1 upotus.\"><\/object><a id=\"wp-block-file--media-78fc876b-234b-44a0-a130-74cdf91df8a5\" href=\"http:\/\/www.lukevatulevaisuus.fi\/wp-content\/uploads\/2024\/08\/Lukutaitopolku-Lukeva-tulevaisuus-1.pdf\">Lukutaitopolku-Lukeva-tulevaisuus-1<\/a><a href=\"http:\/\/www.lukevatulevaisuus.fi\/wp-content\/uploads\/2024\/08\/Lukutaitopolku-Lukeva-tulevaisuus-1.pdf\" class=\"wp-block-file__button wp-element-button\" download aria-describedby=\"wp-block-file--media-78fc876b-234b-44a0-a130-74cdf91df8a5\">Lataa<\/a><\/div>\n\n\n\n<p><\/p>\n\n\n\n<hr class=\"wp-block-separator has-alpha-channel-opacity\"\/>\n\n\n\n<p><\/p>\n\n\n\n<div class=\"wp-block-media-text is-stacked-on-mobile is-vertically-aligned-top\" style=\"grid-template-columns:17% auto\"><figure class=\"wp-block-media-text__media\"><img loading=\"lazy\" decoding=\"async\" width=\"664\" height=\"894\" src=\"http:\/\/www.lukevatulevaisuus.fi\/wp-content\/uploads\/2024\/08\/Nayttokuva-2024-8-6-kello-11.17.11-1.png\" alt=\"\" class=\"wp-image-1493 size-full\" srcset=\"https:\/\/www.lukevatulevaisuus.fi\/wp-content\/uploads\/2024\/08\/Nayttokuva-2024-8-6-kello-11.17.11-1.png 664w, https:\/\/www.lukevatulevaisuus.fi\/wp-content\/uploads\/2024\/08\/Nayttokuva-2024-8-6-kello-11.17.11-1-223x300.png 223w\" sizes=\"auto, (max-width: 664px) 100vw, 664px\" \/><\/figure><div class=\"wp-block-media-text__content\">\n<p><strong>VUOSIKELLOPOHJA<\/strong><\/p>\n<\/div><\/div>\n\n\n\n<div class=\"wp-block-file\"><a id=\"wp-block-file--media-10672505-ac9a-4c94-b833-30c4f7325415\" href=\"http:\/\/www.lukevatulevaisuus.fi\/wp-content\/uploads\/2024\/08\/VUOSIKELLOPOHJA-2.docx\">VUOSIKELLOPOHJA-2<\/a><a href=\"http:\/\/www.lukevatulevaisuus.fi\/wp-content\/uploads\/2024\/08\/VUOSIKELLOPOHJA-2.docx\" class=\"wp-block-file__button wp-element-button\" download aria-describedby=\"wp-block-file--media-10672505-ac9a-4c94-b833-30c4f7325415\">Lataa<\/a><\/div>\n\n\n\n<p><\/p>\n\n\n\n<hr class=\"wp-block-separator has-alpha-channel-opacity\"\/>\n\n\n\n<p><\/p>\n\n\n\n<div class=\"wp-block-media-text is-stacked-on-mobile is-vertically-aligned-top\" style=\"grid-template-columns:22% auto\"><figure class=\"wp-block-media-text__media\"><img loading=\"lazy\" decoding=\"async\" width=\"1024\" height=\"714\" src=\"http:\/\/www.lukevatulevaisuus.fi\/wp-content\/uploads\/2023\/09\/Nayttokuva-2023-9-7-kello-13.53.25-1024x714.png\" alt=\"\" class=\"wp-image-869 size-full\" srcset=\"https:\/\/www.lukevatulevaisuus.fi\/wp-content\/uploads\/2023\/09\/Nayttokuva-2023-9-7-kello-13.53.25-1024x714.png 1024w, https:\/\/www.lukevatulevaisuus.fi\/wp-content\/uploads\/2023\/09\/Nayttokuva-2023-9-7-kello-13.53.25-300x209.png 300w, https:\/\/www.lukevatulevaisuus.fi\/wp-content\/uploads\/2023\/09\/Nayttokuva-2023-9-7-kello-13.53.25-768x535.png 768w, https:\/\/www.lukevatulevaisuus.fi\/wp-content\/uploads\/2023\/09\/Nayttokuva-2023-9-7-kello-13.53.25.png 1234w\" sizes=\"auto, (max-width: 1024px) 100vw, 1024px\" \/><\/figure><div class=\"wp-block-media-text__content\">\n<p><strong>LINKKIVINKKI-listalta l\u00f6yd\u00e4t hy\u00f6dyllisi\u00e4 linkkej\u00e4 lukutaitosivustoille<\/strong><\/p>\n<\/div><\/div>\n\n\n\n<div data-wp-interactive=\"core\/file\" class=\"wp-block-file\"><object data-wp-bind--hidden=\"!state.hasPdfPreview\" hidden class=\"wp-block-file__embed\" data=\"http:\/\/www.lukevatulevaisuus.fi\/wp-content\/uploads\/2023\/09\/LINKKIVINKKI-3.pdf\" type=\"application\/pdf\" style=\"width:100%;height:600px\" aria-label=\"Tiedoston LINKKIVINKKI-3 upotus.\"><\/object><a id=\"wp-block-file--media-90928b97-e33a-4cf1-ad01-59e25f915d14\" href=\"http:\/\/www.lukevatulevaisuus.fi\/wp-content\/uploads\/2023\/09\/LINKKIVINKKI-3.pdf\">LINKKIVINKKI-3<\/a><a href=\"http:\/\/www.lukevatulevaisuus.fi\/wp-content\/uploads\/2023\/09\/LINKKIVINKKI-3.pdf\" class=\"wp-block-file__button wp-element-button\" download aria-describedby=\"wp-block-file--media-90928b97-e33a-4cf1-ad01-59e25f915d14\">Lataa<\/a><\/div>\n\n\n\n<p><\/p>\n\n\n\n<hr class=\"wp-block-separator has-alpha-channel-opacity\"\/>\n\n\n\n<p class=\"has-text-align-center\"><\/p>\n\n\n\n<div class=\"wp-block-media-text is-stacked-on-mobile is-vertically-aligned-top\" style=\"grid-template-columns:22% auto\"><figure class=\"wp-block-media-text__media\"><img loading=\"lazy\" decoding=\"async\" width=\"1024\" height=\"744\" src=\"http:\/\/www.lukevatulevaisuus.fi\/wp-content\/uploads\/2023\/09\/Nayttokuva-2023-9-7-kello-13.56.36-1024x744.png\" alt=\"\" class=\"wp-image-876 size-full\" srcset=\"https:\/\/www.lukevatulevaisuus.fi\/wp-content\/uploads\/2023\/09\/Nayttokuva-2023-9-7-kello-13.56.36-1024x744.png 1024w, https:\/\/www.lukevatulevaisuus.fi\/wp-content\/uploads\/2023\/09\/Nayttokuva-2023-9-7-kello-13.56.36-300x218.png 300w, https:\/\/www.lukevatulevaisuus.fi\/wp-content\/uploads\/2023\/09\/Nayttokuva-2023-9-7-kello-13.56.36-768x558.png 768w, https:\/\/www.lukevatulevaisuus.fi\/wp-content\/uploads\/2023\/09\/Nayttokuva-2023-9-7-kello-13.56.36.png 1410w\" sizes=\"auto, (max-width: 1024px) 100vw, 1024px\" \/><\/figure><div class=\"wp-block-media-text__content\">\n<p><strong>LUKUT\u00c4DIN TUTKIMUS &#8211; Joroisten yl\u00e4koulu<\/strong><\/p>\n<\/div><\/div>\n\n\n\n<div data-wp-interactive=\"core\/file\" class=\"wp-block-file\"><object data-wp-bind--hidden=\"!state.hasPdfPreview\" hidden class=\"wp-block-file__embed\" data=\"http:\/\/www.lukevatulevaisuus.fi\/wp-content\/uploads\/2023\/09\/lukutadin-tutkimus_HStrom.pdf\" type=\"application\/pdf\" style=\"width:100%;height:600px\" aria-label=\"Tiedoston lukutadin-tutkimus_HStrom upotus.\"><\/object><a id=\"wp-block-file--media-731a1b9e-dcd0-44a1-95a2-5eea3afc0fbe\" href=\"http:\/\/www.lukevatulevaisuus.fi\/wp-content\/uploads\/2023\/09\/lukutadin-tutkimus_HStrom.pdf\">lukutadin-tutkimus_HStrom<\/a><a href=\"http:\/\/www.lukevatulevaisuus.fi\/wp-content\/uploads\/2023\/09\/lukutadin-tutkimus_HStrom.pdf\" class=\"wp-block-file__button wp-element-button\" download aria-describedby=\"wp-block-file--media-731a1b9e-dcd0-44a1-95a2-5eea3afc0fbe\">Lataa<\/a><\/div>\n\n\n\n<p><\/p>\n\n\n\n<hr class=\"wp-block-separator has-alpha-channel-opacity\"\/>\n\n\n\n<p><\/p>\n\n\n\n<div class=\"wp-block-media-text is-stacked-on-mobile is-vertically-aligned-top\" style=\"grid-template-columns:22% auto\"><figure class=\"wp-block-media-text__media\"><img loading=\"lazy\" decoding=\"async\" width=\"1024\" height=\"649\" src=\"http:\/\/www.lukevatulevaisuus.fi\/wp-content\/uploads\/2024\/08\/Nayttokuva-2024-8-6-kello-12.04.42-1024x649.png\" alt=\"\" class=\"wp-image-1497 size-full\" srcset=\"https:\/\/www.lukevatulevaisuus.fi\/wp-content\/uploads\/2024\/08\/Nayttokuva-2024-8-6-kello-12.04.42-1024x649.png 1024w, https:\/\/www.lukevatulevaisuus.fi\/wp-content\/uploads\/2024\/08\/Nayttokuva-2024-8-6-kello-12.04.42-300x190.png 300w, https:\/\/www.lukevatulevaisuus.fi\/wp-content\/uploads\/2024\/08\/Nayttokuva-2024-8-6-kello-12.04.42-768x487.png 768w, https:\/\/www.lukevatulevaisuus.fi\/wp-content\/uploads\/2024\/08\/Nayttokuva-2024-8-6-kello-12.04.42-1536x974.png 1536w, https:\/\/www.lukevatulevaisuus.fi\/wp-content\/uploads\/2024\/08\/Nayttokuva-2024-8-6-kello-12.04.42.png 1972w\" sizes=\"auto, (max-width: 1024px) 100vw, 1024px\" \/><\/figure><div class=\"wp-block-media-text__content\">\n<p><strong>Kyselytutkimus henkil\u00f6st\u00f6lle 2024<\/strong><\/p>\n<\/div><\/div>\n\n\n\n<div data-wp-interactive=\"core\/file\" class=\"wp-block-file\"><object data-wp-bind--hidden=\"!state.hasPdfPreview\" hidden class=\"wp-block-file__embed\" data=\"http:\/\/www.lukevatulevaisuus.fi\/wp-content\/uploads\/2024\/08\/kyselytutkimus_LT_2023syksy.pdf\" type=\"application\/pdf\" style=\"width:100%;height:600px\" aria-label=\"Tiedoston kyselytutkimus_LT_2023syksy upotus.\"><\/object><a id=\"wp-block-file--media-d03f9bda-90ed-4a71-a24b-047af7e6db80\" href=\"http:\/\/www.lukevatulevaisuus.fi\/wp-content\/uploads\/2024\/08\/kyselytutkimus_LT_2023syksy.pdf\">kyselytutkimus_LT_2023syksy<\/a><a href=\"http:\/\/www.lukevatulevaisuus.fi\/wp-content\/uploads\/2024\/08\/kyselytutkimus_LT_2023syksy.pdf\" class=\"wp-block-file__button wp-element-button\" download aria-describedby=\"wp-block-file--media-d03f9bda-90ed-4a71-a24b-047af7e6db80\">Lataa<\/a><\/div>\n","protected":false},"excerpt":{"rendered":"<p>Materiaalipankin kaikki materiaalit ovat vapaasti ladattavissa ja k\u00e4ytett\u00e4viss\u00e4 &#8211; ole hyv\u00e4! Lukutaitopolku &#8211; Joroisten kunta VUOSIKELLOPOHJA LINKKIVINKKI-listalta l\u00f6yd\u00e4t hy\u00f6dyllisi\u00e4 linkkej\u00e4 lukutaitosivustoille LUKUT\u00c4DIN TUTKIMUS &#8211; Joroisten yl\u00e4koulu Kyselytutkimus henkil\u00f6st\u00f6lle 2024<\/p>\n","protected":false},"author":1,"featured_media":0,"parent":0,"menu_order":0,"comment_status":"closed","ping_status":"closed","template":"","meta":{"footnotes":""},"class_list":["post-688","page","type-page","status-publish","hentry"],"aioseo_notices":[],"_links":{"self":[{"href":"https:\/\/www.lukevatulevaisuus.fi\/index.php\/wp-json\/wp\/v2\/pages\/688","targetHints":{"allow":["GET"]}}],"collection":[{"href":"https:\/\/www.lukevatulevaisuus.fi\/index.php\/wp-json\/wp\/v2\/pages"}],"about":[{"href":"https:\/\/www.lukevatulevaisuus.fi\/index.php\/wp-json\/wp\/v2\/types\/page"}],"author":[{"embeddable":true,"href":"https:\/\/www.lukevatulevaisuus.fi\/index.php\/wp-json\/wp\/v2\/users\/1"}],"replies":[{"embeddable":true,"href":"https:\/\/www.lukevatulevaisuus.fi\/index.php\/wp-json\/wp\/v2\/comments?post=688"}],"version-history":[{"count":41,"href":"https:\/\/www.lukevatulevaisuus.fi\/index.php\/wp-json\/wp\/v2\/pages\/688\/revisions"}],"predecessor-version":[{"id":1515,"href":"https:\/\/www.lukevatulevaisuus.fi\/index.php\/wp-json\/wp\/v2\/pages\/688\/revisions\/1515"}],"wp:attachment":[{"href":"https:\/\/www.lukevatulevaisuus.fi\/index.php\/wp-json\/wp\/v2\/media?parent=688"}],"curies":[{"name":"wp","href":"https:\/\/api.w.org\/{rel}","templated":true}]}}